{"id":1544,"date":"2021-05-19T04:28:36","date_gmt":"2021-05-19T04:28:36","guid":{"rendered":"https:\/\/klbtheme.com\/bacola\/?page_id=1544"},"modified":"2024-12-27T17:19:21","modified_gmt":"2024-12-27T14:19:21","slug":"hakkimizda","status":"publish","type":"page","link":"https:\/\/esfurgida.shop\/?page_id=1544","title":{"rendered":"Hakk\u0131m\u0131zda"},"content":{"rendered":"\t\t<div data-elementor-type=\"wp-page\" data-elementor-id=\"1544\" class=\"elementor elementor-1544\">\n\t\t\t\t\t\t<section class=\"elementor-section elementor-top-section elementor-element elementor-element-99fa573 elementor-section-full_width elementor-section-height-default elementor-section-height-default\" data-id=\"99fa573\" data-element_type=\"section\" data-e-type=\"section\">\n\t\t\t\t\t\t<div class=\"elementor-container elementor-column-gap-no\">\n\t\t\t\t\t<div class=\"elementor-column elementor-col-100 elementor-top-column elementor-element elementor-element-305ee4c\" data-id=\"305ee4c\" data-element_type=\"column\" data-e-type=\"column\">\n\t\t\t<div class=\"elementor-widget-wrap\">\n\t\t\t\t\t\t\t<\/div>\n\t\t<\/div>\n\t\t\t\t\t<\/div>\n\t\t<\/section>\n\t\t\t\t<section class=\"elementor-section elementor-top-section elementor-element elementor-element-be51b6a elementor-section-boxed elementor-section-height-default elementor-section-height-default\" data-id=\"be51b6a\" data-element_type=\"section\" data-e-type=\"section\">\n\t\t\t\t\t\t<div class=\"elementor-container elementor-column-gap-extended\">\n\t\t\t\t\t<div class=\"elementor-column elementor-col-100 elementor-top-column elementor-element elementor-element-5a15344\" data-id=\"5a15344\" data-element_type=\"column\" data-e-type=\"column\">\n\t\t\t<div class=\"elementor-widget-wrap elementor-element-populated\">\n\t\t\t\t\t\t<div class=\"elementor-element elementor-element-c7bd744 elementor-widget elementor-widget-heading\" data-id=\"c7bd744\" data-element_type=\"widget\" data-e-type=\"widget\" data-widget_type=\"heading.default\">\n\t\t\t\t<div class=\"elementor-widget-container\">\n\t\t\t\t\t<p class=\"elementor-heading-title elementor-size-default\"><b>HAKKIMIZDA<\/b><br><br><br>\nESFUR GIDA - F\u0131nd\u0131k \u0130\u015fleme Tesisi<br>\nMerhaba! ESFUR GIDA olarak, Haziran 2023 tarihinde f\u0131nd\u0131k end\u00fcstrisine \u00f6nc\u00fcl\u00fck etmek amac\u0131yla kurulan bir f\u0131nd\u0131k i\u015fleme tesisiyiz. F\u0131nd\u0131k k\u0131rma, kavurma, paketleme ve ayr\u0131ca f\u0131nd\u0131k ezmesi \u00fcretimiyle faaliyet g\u00f6steriyoruz. Ba\u015flang\u0131\u00e7 tarihimizden itibaren, f\u0131nd\u0131k end\u00fcstrisinde kalite ve yenilik konular\u0131nda ad\u0131m\u0131zdan s\u00f6z ettirmeye kararl\u0131 bir \u015fekilde \u00e7al\u0131\u015f\u0131yoruz.\n<br><br>\nGelecek Vizyonumuz:<br><br>ESFUR GIDA olarak, f\u0131nd\u0131k end\u00fcstrisinde lider bir marka olma hedefimizle yola \u00e7\u0131kt\u0131k. Gelecekte, hem i\u00e7 pazarda hem de uluslararas\u0131 arenada tan\u0131nan, g\u00fcvenilir ve kaliteli bir f\u0131nd\u0131k markas\u0131 olmay\u0131 ama\u00e7l\u0131yoruz. \u00dcr\u00fcn yelpazemizi geni\u015fleterek m\u00fc\u015fterilerimize farkl\u0131 f\u0131nd\u0131k t\u00fcrleri ve \u00f6zel lezzetler sunmak da vizyonumuzun bir par\u00e7as\u0131.\n<br><br>\nMisyonumuz:<br><br>Misyonumuz, f\u0131nd\u0131k end\u00fcstrisinde kalite standartlar\u0131n\u0131 y\u00fckseltmek ve m\u00fc\u015fterilerimize en kaliteli \u00fcr\u00fcnleri sunarak onlar\u0131n lezzet deneyimini zenginle\u015ftirmektir. Ayn\u0131 zamanda s\u00fcrd\u00fcr\u00fclebilirlik ilkelerine ba\u011fl\u0131 kalarak, do\u011fal kaynaklar\u0131 koruma ve yerel ekonomiyi destekleme taahh\u00fcd\u00fcm\u00fcz\u00fc s\u00fcrd\u00fcr\u00fcyoruz.\n<br>\nDe\u011ferlerimiz:<br><br>ESFUR GIDA olarak, \u015feffafl\u0131k, m\u00fc\u015fteri memnuniyeti, s\u00fcrd\u00fcr\u00fclebilirlik, inovasyon ve i\u015f ahlak\u0131na ba\u011fl\u0131l\u0131\u011f\u0131m\u0131z\u0131 koruyoruz. Her bir \u00fcr\u00fcn\u00fcm\u00fcz\u00fc, \u00fcretim s\u00fcre\u00e7lerimizi ve i\u015f ili\u015fkilerimizi bu temel de\u011ferlere dayand\u0131r\u0131yoruz.\n<br><br><br>\n\u0130lk Ba\u015far\u0131lar\u0131m\u0131z:\n\nKurulu\u015fumuzdan bu yana, f\u0131nd\u0131k end\u00fcstrisindeki ilk ba\u015far\u0131lar\u0131m\u0131z bizi gururland\u0131r\u0131yor. Y\u00fcksek kaliteli f\u0131nd\u0131k \u00fcr\u00fcnleri ve \u00f6zel olarak \u00fcretti\u011fimiz f\u0131nd\u0131k ezmemizle m\u00fc\u015fterilerimizi memnun etmenin gururunu ya\u015f\u0131yoruz. Sekt\u00f6rdeki varl\u0131\u011f\u0131m\u0131z\u0131 g\u00fc\u00e7lendirmek ve b\u00fcy\u00fcmek ad\u0131na att\u0131\u011f\u0131m\u0131z bu ilk ad\u0131mlar, bize gelecekte daha b\u00fcy\u00fck ba\u015far\u0131lar elde etme yolunda g\u00fc\u00e7 veriyor.\n<br><br>\nEkip:\n\nESFUR GIDA'n\u0131n ba\u015far\u0131s\u0131n\u0131n temelinde, f\u0131nd\u0131k end\u00fcstrisindeki deneyim ve tutkusunu bir araya getirmi\u015f bir ekip bulunmaktad\u0131r. Her bir ekip \u00fcyemiz, m\u00fc\u015fterilere en y\u00fcksek kalitede \u00fcr\u00fcnleri sunma konusundaki kararl\u0131l\u0131\u011f\u0131yla bilinir.\n<br><br>\nBu yolculukta siz de\u011ferli m\u00fc\u015fterilerimizle birlikte b\u00fcy\u00fcmemiz i\u00e7in sab\u0131rs\u0131zlan\u0131yoruz. Sizlere lezzet dolu anlar sunmak i\u00e7in buraday\u0131z!\n<br><br>\nTe\u015fekk\u00fcr ederiz!<\/p>\t\t\t\t<\/div>\n\t\t\t\t<\/div>\n\t\t\t\t\t<\/div>\n\t\t<\/div>\n\t\t\t\t\t<\/div>\n\t\t<\/section>\n\t\t\t\t<section class=\"elementor-section elementor-top-section elementor-element elementor-element-3551755 elementor-section-boxed elementor-section-height-default elementor-section-height-default\" data-id=\"3551755\" data-element_type=\"section\" data-e-type=\"section\">\n\t\t\t\t\t\t<div class=\"elementor-container elementor-column-gap-extended\">\n\t\t\t\t\t<div class=\"elementor-column elementor-col-100 elementor-top-column elementor-element elementor-element-6f96f87\" data-id=\"6f96f87\" data-element_type=\"column\" data-e-type=\"column\">\n\t\t\t<div class=\"elementor-widget-wrap\">\n\t\t\t\t\t\t\t<\/div>\n\t\t<\/div>\n\t\t\t\t\t<\/div>\n\t\t<\/section>\n\t\t\t\t<\/div>\n\t\t","protected":false},"excerpt":{"rendered":"<p>HAKKIMIZDA ESFUR GIDA &#8211; F\u0131nd\u0131k \u0130\u015fleme Tesisi Merhaba! ESFUR GIDA olarak, Haziran 2023 tarihinde f\u0131nd\u0131k end\u00fcstrisine \u00f6nc\u00fcl\u00fck etmek amac\u0131yla kurulan bir f\u0131nd\u0131k i\u015fleme tesisiyiz. F\u0131nd\u0131k k\u0131rma, kavurma, paketleme ve ayr\u0131ca f\u0131nd\u0131k ezmesi \u00fcretimiyle faaliyet g\u00f6steriyoruz. Ba\u015flang\u0131\u00e7 tarihimizden itibaren, f\u0131nd\u0131k end\u00fcstrisinde kalite ve yenilik konular\u0131nda ad\u0131m\u0131zdan s\u00f6z ettirmeye kararl\u0131 bir \u015fekilde \u00e7al\u0131\u015f\u0131yoruz. Gelecek Vizyonumuz: ESFUR GIDA<\/p>\n<div class=\"klb-readmore entry-button\"><a class=\"button\" href=\"https:\/\/esfurgida.shop\/?page_id=1544\">Daha fazla bilgi edinin<\/a><\/div>\n","protected":false},"author":1,"featured_media":0,"parent":0,"menu_order":0,"comment_status":"closed","ping_status":"closed","template":"","meta":{"om_disable_all_campaigns":false,"_monsterinsights_skip_tracking":false,"_monsterinsights_sitenote_active":false,"_monsterinsights_sitenote_note":"","_monsterinsights_sitenote_category":0,"footnotes":""},"class_list":["post-1544","page","type-page","status-publish","hentry"],"aioseo_notices":[],"_links":{"self":[{"href":"https:\/\/esfurgida.shop\/index.php?rest_route=\/wp\/v2\/pages\/1544","targetHints":{"allow":["GET"]}}],"collection":[{"href":"https:\/\/esfurgida.shop\/index.php?rest_route=\/wp\/v2\/pages"}],"about":[{"href":"https:\/\/esfurgida.shop\/index.php?rest_route=\/wp\/v2\/types\/page"}],"author":[{"embeddable":true,"href":"https:\/\/esfurgida.shop\/index.php?rest_route=\/wp\/v2\/users\/1"}],"replies":[{"embeddable":true,"href":"https:\/\/esfurgida.shop\/index.php?rest_route=%2Fwp%2Fv2%2Fcomments&post=1544"}],"version-history":[{"count":15,"href":"https:\/\/esfurgida.shop\/index.php?rest_route=\/wp\/v2\/pages\/1544\/revisions"}],"predecessor-version":[{"id":2066,"href":"https:\/\/esfurgida.shop\/index.php?rest_route=\/wp\/v2\/pages\/1544\/revisions\/2066"}],"wp:attachment":[{"href":"https:\/\/esfurgida.shop\/index.php?rest_route=%2Fwp%2Fv2%2Fmedia&parent=1544"}],"curies":[{"name":"wp","href":"https:\/\/api.w.org\/{rel}","templated":true}]}}