{"id":2273,"date":"2025-01-07T12:00:01","date_gmt":"2025-01-07T09:00:01","guid":{"rendered":"https:\/\/esfurgida.shop\/?page_id=2273"},"modified":"2025-01-07T13:11:49","modified_gmt":"2025-01-07T10:11:49","slug":"urunlerimiz","status":"publish","type":"page","link":"https:\/\/esfurgida.shop\/?page_id=2273","title":{"rendered":"\u00dcr\u00fcnlerimiz"},"content":{"rendered":"\t\t<div data-elementor-type=\"wp-page\" data-elementor-id=\"2273\" class=\"elementor elementor-2273\">\n\t\t\t\t<div class=\"elementor-element elementor-element-1e866327 e-con-full e-flex e-con e-parent\" data-id=\"1e866327\" data-element_type=\"container\" data-e-type=\"container\">\n\t\t\t\t<div class=\"elementor-element elementor-element-10c15792 elementor-drop-cap-yes elementor-drop-cap-view-default elementor-widget elementor-widget-text-editor\" data-id=\"10c15792\" data-element_type=\"widget\" data-e-type=\"widget\" data-settings=\"{&quot;drop_cap&quot;:&quot;yes&quot;}\" data-widget_type=\"text-editor.default\">\n\t\t\t\t<div class=\"elementor-widget-container\">\n\t\t\t\t\t\t\t\t\t<p><strong style=\"font-family: var(--font-primary); letter-spacing: 0px; color: var(--color-text); background-color: var(--color-background);\"><i><br><\/i><\/strong><\/p><h5><strong style=\"font-family: var(--font-primary); letter-spacing: 0px; color: var(--color-text); background-color: var(--color-background);\"><i>Sezonunda dal\u0131ndan kopar\u0131lm\u0131\u015f taze ve do\u011fal f\u0131nd\u0131k ve f\u0131nd\u0131k \u00fcr\u00fcnlerimiz<\/i><\/strong><\/h5>\n<p><!-- \/wp:paragraph --><\/p>\t\t\t\t\t\t\t\t<\/div>\n\t\t\t\t<\/div>\n\t\t\t\t<\/div>\n\t\t<div class=\"elementor-element elementor-element-136867a e-flex e-con-boxed e-con e-parent\" data-id=\"136867a\" data-element_type=\"container\" data-e-type=\"container\">\n\t\t\t\t\t<div class=\"e-con-inner\">\n\t\t\t\t<div class=\"elementor-element elementor-element-ba23cad elementor-widget elementor-widget-bacola-banner-box2\" data-id=\"ba23cad\" data-element_type=\"widget\" data-e-type=\"widget\" data-widget_type=\"bacola-banner-box2.default\">\n\t\t\t\t<div class=\"elementor-widget-container\">\n\t\t\t\t\t<div class=\"site-module module-banner wide\"><div class=\"module-body\"><div class=\"banner-wrapper\"><div class=\"banner-content\"><h4 class=\"sub-text color-info-dark\"><\/h4><h3 class=\"entry-title mini color-text-lighter\">Taze ve do\u011fal kabuklu f\u0131nd\u0131k<\/h3><\/div><div class=\"banner-thumbnail\"><img decoding=\"async\" src=\"https:\/\/esfurgida.shop\/wp-content\/uploads\/2024\/12\/1-1.png\" alt=\"banner\"><\/div><a href=\"https:\/\/esfurgida.shop\/?product_cat=kabuklu-findik\"  class=\"overlay-link\"><\/a><\/div><\/div><\/div>\t\t\t\t<\/div>\n\t\t\t\t<\/div>\n\t\t\t\t<div class=\"elementor-element elementor-element-422ec01 elementor-widget elementor-widget-bacola-banner-box2\" data-id=\"422ec01\" data-element_type=\"widget\" data-e-type=\"widget\" data-widget_type=\"bacola-banner-box2.default\">\n\t\t\t\t<div class=\"elementor-widget-container\">\n\t\t\t\t\t<div class=\"site-module module-banner wide\"><div class=\"module-body\"><div class=\"banner-wrapper\"><div class=\"banner-content\"><h4 class=\"sub-text color-info-dark\"><\/h4><h3 class=\"entry-title mini color-text-lighter\">Taze ve do\u011fal naturel (\u00e7i\u011f ) i\u00e7 f\u0131nd\u0131k<\/h3><\/div><div class=\"banner-thumbnail\"><img decoding=\"async\" src=\"https:\/\/esfurgida.shop\/wp-content\/uploads\/2024\/12\/3-1.png\" alt=\"banner\"><\/div><a href=\"https:\/\/esfurgida.shop\/?product_cat=naturel-findik\"  class=\"overlay-link\"><\/a><\/div><\/div><\/div>\t\t\t\t<\/div>\n\t\t\t\t<\/div>\n\t\t\t\t\t<\/div>\n\t\t\t\t<\/div>\n\t\t<div class=\"elementor-element elementor-element-d09f527 e-flex e-con-boxed e-con e-parent\" data-id=\"d09f527\" data-element_type=\"container\" data-e-type=\"container\">\n\t\t\t\t\t<div class=\"e-con-inner\">\n\t\t\t\t<div class=\"elementor-element elementor-element-a3381ba elementor-widget elementor-widget-bacola-banner-box2\" data-id=\"a3381ba\" data-element_type=\"widget\" data-e-type=\"widget\" data-widget_type=\"bacola-banner-box2.default\">\n\t\t\t\t<div class=\"elementor-widget-container\">\n\t\t\t\t\t<div class=\"site-module module-banner wide\"><div class=\"module-body\"><div class=\"banner-wrapper\"><div class=\"banner-content\"><h4 class=\"sub-text color-info-dark\"><\/h4><h3 class=\"entry-title mini color-text-lighter\">Taze ve do\u011fal kavrulmu\u015f i\u00e7 f\u0131nd\u0131k<\/h3><\/div><div class=\"banner-thumbnail\"><img decoding=\"async\" src=\"https:\/\/esfurgida.shop\/wp-content\/uploads\/2024\/12\/13-1.png\" alt=\"banner\"><\/div><a href=\"https:\/\/esfurgida.shop\/?product_cat=kavrulmus-findik\"  class=\"overlay-link\"><\/a><\/div><\/div><\/div>\t\t\t\t<\/div>\n\t\t\t\t<\/div>\n\t\t\t\t<div class=\"elementor-element elementor-element-fe9feaf elementor-widget elementor-widget-bacola-banner-box2\" data-id=\"fe9feaf\" data-element_type=\"widget\" data-e-type=\"widget\" data-widget_type=\"bacola-banner-box2.default\">\n\t\t\t\t<div class=\"elementor-widget-container\">\n\t\t\t\t\t<div class=\"site-module module-banner wide\"><div class=\"module-body\"><div class=\"banner-wrapper\"><div class=\"banner-content\"><h4 class=\"sub-text color-info-dark\"><\/h4><h3 class=\"entry-title mini color-text-lighter\">Taze ve do\u011fal kavrulmu\u015f i\u00e7 f\u0131nd\u0131ktan \u00fcretilen f\u0131nd\u0131k ezmelerimiz<\/h3><\/div><div class=\"banner-thumbnail\"><img decoding=\"async\" src=\"https:\/\/esfurgida.shop\/wp-content\/uploads\/2024\/12\/9.png\" alt=\"banner\"><\/div><a href=\"https:\/\/esfurgida.shop\/?product_cat=findik-ezmesi\"  class=\"overlay-link\"><\/a><\/div><\/div><\/div>\t\t\t\t<\/div>\n\t\t\t\t<\/div>\n\t\t\t\t\t<\/div>\n\t\t\t\t<\/div>\n\t\t<div class=\"elementor-element elementor-element-304e93c e-flex e-con-boxed e-con e-parent\" data-id=\"304e93c\" data-element_type=\"container\" data-e-type=\"container\">\n\t\t\t\t\t<div class=\"e-con-inner\">\n\t\t\t\t<div class=\"elementor-element elementor-element-cdf7e81 elementor-widget elementor-widget-bacola-banner-box2\" data-id=\"cdf7e81\" data-element_type=\"widget\" data-e-type=\"widget\" data-widget_type=\"bacola-banner-box2.default\">\n\t\t\t\t<div class=\"elementor-widget-container\">\n\t\t\t\t\t<div class=\"site-module module-banner wide\"><div class=\"module-body\"><div class=\"banner-wrapper\"><div class=\"banner-content\"><h4 class=\"sub-text color-info-dark\"><\/h4><h3 class=\"entry-title mini color-text-lighter\">\u00c7ay ve kahvelerin vazge\u00e7ilmezi f\u0131nd\u0131kl\u0131 krokan\u0131m\u0131z<\/h3><\/div><div class=\"banner-thumbnail\"><img decoding=\"async\" src=\"https:\/\/esfurgida.shop\/wp-content\/uploads\/2024\/12\/findik-krokan-1.png\" alt=\"banner\"><\/div><a href=\"https:\/\/esfurgida.shop\/?product_cat=findik-krokan\"  class=\"overlay-link\"><\/a><\/div><\/div><\/div>\t\t\t\t<\/div>\n\t\t\t\t<\/div>\n\t\t\t\t\t<\/div>\n\t\t\t\t<\/div>\n\t\t\t\t<\/div>\n\t\t","protected":false},"excerpt":{"rendered":"<p>Sezonunda dal\u0131ndan kopar\u0131lm\u0131\u015f taze ve do\u011fal f\u0131nd\u0131k ve f\u0131nd\u0131k \u00fcr\u00fcnlerimiz Taze ve do\u011fal kabuklu f\u0131nd\u0131k Taze ve do\u011fal naturel (\u00e7i\u011f ) i\u00e7 f\u0131nd\u0131k Taze ve do\u011fal kavrulmu\u015f i\u00e7 f\u0131nd\u0131k Taze ve do\u011fal kavrulmu\u015f i\u00e7 f\u0131nd\u0131ktan \u00fcretilen f\u0131nd\u0131k ezmelerimiz \u00c7ay ve kahvelerin vazge\u00e7ilmezi f\u0131nd\u0131kl\u0131 krokan\u0131m\u0131z<\/p>\n","protected":false},"author":1,"featured_media":0,"parent":0,"menu_order":0,"comment_status":"closed","ping_status":"closed","template":"","meta":{"om_disable_all_campaigns":false,"_monsterinsights_skip_tracking":false,"_monsterinsights_sitenote_active":false,"_monsterinsights_sitenote_note":"","_monsterinsights_sitenote_category":0,"footnotes":""},"class_list":["post-2273","page","type-page","status-publish","hentry"],"aioseo_notices":[],"_links":{"self":[{"href":"https:\/\/esfurgida.shop\/index.php?rest_route=\/wp\/v2\/pages\/2273","targetHints":{"allow":["GET"]}}],"collection":[{"href":"https:\/\/esfurgida.shop\/index.php?rest_route=\/wp\/v2\/pages"}],"about":[{"href":"https:\/\/esfurgida.shop\/index.php?rest_route=\/wp\/v2\/types\/page"}],"author":[{"embeddable":true,"href":"https:\/\/esfurgida.shop\/index.php?rest_route=\/wp\/v2\/users\/1"}],"replies":[{"embeddable":true,"href":"https:\/\/esfurgida.shop\/index.php?rest_route=%2Fwp%2Fv2%2Fcomments&post=2273"}],"version-history":[{"count":36,"href":"https:\/\/esfurgida.shop\/index.php?rest_route=\/wp\/v2\/pages\/2273\/revisions"}],"predecessor-version":[{"id":2326,"href":"https:\/\/esfurgida.shop\/index.php?rest_route=\/wp\/v2\/pages\/2273\/revisions\/2326"}],"wp:attachment":[{"href":"https:\/\/esfurgida.shop\/index.php?rest_route=%2Fwp%2Fv2%2Fmedia&parent=2273"}],"curies":[{"name":"wp","href":"https:\/\/api.w.org\/{rel}","templated":true}]}}