{"id":2366,"date":"2025-01-15T11:45:01","date_gmt":"2025-01-15T08:45:01","guid":{"rendered":"https:\/\/esfurgida.shop\/?page_id=2366"},"modified":"2025-01-15T11:45:04","modified_gmt":"2025-01-15T08:45:04","slug":"cerez-cookie-bildirimi","status":"publish","type":"page","link":"https:\/\/esfurgida.shop\/?page_id=2366","title":{"rendered":"\u00c7erez (Cookie) Bildirimi"},"content":{"rendered":"<p>Bu Sitede, kullan\u0131c\u0131 deneyimini geli\u015ftirmek ve internet sitesinin verimli \u00e7al\u0131\u015fmas\u0131n\u0131 sa\u011flamak amac\u0131yla \u00e7erezler kullan\u0131lmaktad\u0131r.<\/p><p>\u00c7erez Bildirimi a\u015fa\u011f\u0131da belirtilen bir par\u00e7as\u0131d\u0131r. \u015eirketimiz ve ziyaret\u00e7i bilgilerinin korunmas\u0131yla ilgili daha detayl\u0131 bilgi i\u00e7in&nbsp;<strong>Gizlilik Bildirimimize<\/strong>&nbsp;bak\u0131n\u0131z.<\/p><p>Size ihtiya\u00e7lar\u0131n\u0131z do\u011frultusunda ve \u00f6zelle\u015ftirilmi\u015f hizmetler sunabilmemiz i\u00e7in, bu internet sitesinin kullan\u0131m\u0131na ili\u015fkin bilgilerinizin hat\u0131rlanmas\u0131 ve bu bilgilerinizin kaydedilmesi gerekmektedir. T\u00fcm bu i\u015flemler k\u00fc\u00e7\u00fck metin dosyalar\u0131 olarak nitelendirilen \u00c7erezler arac\u0131l\u0131\u011f\u0131yla ger\u00e7ekle\u015ftirilmektedir. Bu internet sitesindeki \u00c7erezler az miktardaki bilgileri depolayarak, Server arac\u0131l\u0131\u011f\u0131yla bilgisayar\u0131n\u0131za ya da di\u011fer ayg\u0131tlara y\u00fcklenir. Bu internet sitesini her ziyaret etti\u011finizde, internet taray\u0131c\u0131n\u0131z \u00e7erezleri bu internet sitesine g\u00f6nderir; b\u00f6ylece internet sitesi sizi tan\u0131r ve kullan\u0131c\u0131 tercihleri gibi bilgilerinizi hat\u0131rlar. \u00c7erezlerle ve nas\u0131l \u00e7al\u0131\u015ft\u0131klar\u0131yla ilgili daha detayl\u0131 bilgi i\u00e7in&nbsp;<a href=\"http:\/\/www.aboutcookies.org\/\">http:\/\/www.aboutcookies.org\/<\/a>&nbsp;sitesini ziyaret edebilirsiniz.<\/p><p>Bu internet sitesini her kulland\u0131\u011f\u0131n\u0131zda, \u00e7erezler ve di\u011fer teknolojiler arac\u0131l\u0131\u011f\u0131yla bilgi toplanabilir. Bu internet sitesini kullanarak, \u00c7erez Bildiriminde a\u00e7\u0131klanan \u00e7erez kullan\u0131m\u0131n\u0131, ayr\u0131ca esfurgida.shop b\u00fcnyesinde ziyaret edebilece\u011finiz \u00fclke, b\u00f6lge ya da hizmet bazl\u0131 di\u011fer internet sitelerindeki \u00e7erez bildirimlerinde a\u00e7\u0131klanan \u00e7erez kullan\u0131m\u0131n\u0131 da kabul etmi\u015f olursunuz.<\/p><p><strong>Kullan\u0131lan \u00e7erez t\u00fcrleri ve nedenleri?<\/strong><\/p><p>Kullan\u0131lan baz\u0131 \u00e7erezler, internet sitemizi kullanabilmeniz ve kay\u0131tl\u0131 kullan\u0131c\u0131lar i\u00e7in sunulan g\u00fcvenli i\u00e7eriklere eri\u015fim sa\u011flamak gibi baz\u0131 \u00f6zelliklerden faydalanabilmeniz i\u00e7in gereklidir.&nbsp;<\/p><p>\u0130nternet sitesini kullan\u0131rken yapt\u0131\u011f\u0131n\u0131z dil ya da b\u00f6lge se\u00e7imi gibi tercihleri ve bilgileri kaydedebilmek ve size daha uygun hizmet sunabilmek i\u00e7in&nbsp;<strong>Fonksiyonel \u00c7erezler&nbsp;<\/strong>kullan\u0131lmaktad\u0131r. Bu bilgiler genellikle isimsiz olup, ba\u015fka ama\u00e7lar do\u011frultusunda kullan\u0131lmamaktad\u0131r.&nbsp;<\/p><p>\u0130\u00e7eri\u011fimizin verimlili\u011fini ve kullan\u0131c\u0131lar\u0131m\u0131z\u0131n ilgi alanlar\u0131n\u0131 anlayabilmek ve Sitemizin i\u015fleyi\u015fini geli\u015ftirebilmek i\u00e7in biz ya da hizmet sa\u011flay\u0131c\u0131lar\u0131m\u0131z analitik hizmetlerden de yararlamaktay\u0131z. Ayr\u0131ca, ziyaret\u00e7i say\u0131s\u0131n\u0131 \u00f6l\u00e7ebilmek i\u00e7in web i\u015faret\u00e7isi veya takip imleci kullan\u0131lmakta ve Sitedeki bireysel kullan\u0131c\u0131 say\u0131s\u0131n\u0131 ve kullan\u0131c\u0131lar\u0131n siteye eri\u015fim s\u0131kl\u0131\u011f\u0131n\u0131 g\u00f6zlemlemek i\u00e7in ise sitemizde&nbsp;<strong>Performans \u00c7erezleri<\/strong>&nbsp;kullan\u0131lmaktad\u0131r. Bu bilgiler sadece istatistiksel ama\u00e7larla kullan\u0131lmakta olup, kullan\u0131c\u0131lar\u0131n bireysel olarak tespit edilmesi amac\u0131yla kullan\u0131lmamaktad\u0131r. &nbsp;Ancak, Sitemize kay\u0131t olman\u0131z durumunda bu bilgiler Site kullan\u0131m\u0131n\u0131z\u0131 analiz edebilmek i\u00e7in web analitik hizmetlerinden gelen bilgilerle ve \u00e7erezlerle birle\u015ftirilebilir.&nbsp;<\/p><p>Bu internet sitesinde, kullan\u0131c\u0131lara belirli reklamlar\u0131 ileten&nbsp;<strong>Reklam \u00c7erezleri&nbsp;<\/strong>kullan\u0131lmamaktad\u0131r.&nbsp;<\/p><p>Kullan\u0131lan \u00e7erezler ile ilgili daha ayr\u0131nt\u0131l\u0131 bilgi i\u00e7in&nbsp;<a href=\"https:\/\/esfurgida.shop\/?page_id=1685\">bize&nbsp;ula\u015f\u0131n.<\/a><\/p><p><strong>\u00c7erezler nas\u0131l kontrol edilir?<\/strong><\/p><p>Bu internet sitesine eri\u015fim sa\u011flayarak bilgisayar\u0131n\u0131za ya da &nbsp;yukar\u0131da a\u00e7\u0131klanan ayg\u0131tlara \u00e7erezler yerle\u015ftirilebilece\u011fini kabul etmi\u015f bulunmaktas\u0131n\u0131z. Ancak, \u00e7erezleri \u00e7e\u015fitli \u015fekillerde kontrol edebilir ve d\u00fczenleyebilirsiniz. \u00c7erezleri kald\u0131rman\u0131z ya da engellemeniz halinde, bunun internet sitesi kullan\u0131m\u0131n\u0131z\u0131 etkileyebilece\u011fini ve internet sitesindeki baz\u0131 k\u0131s\u0131mlara eri\u015fimde s\u0131k\u0131nt\u0131 ya\u015fayabilece\u011finizi hat\u0131rlat\u0131r\u0131z.&nbsp;<\/p><p><strong>Taray\u0131c\u0131 kontrol\u00fc<\/strong><\/p><p>\u00c7o\u011fu taray\u0131c\u0131lar, bilgisayar\u0131n\u0131zdaki \u00e7erezleri g\u00f6rme, \u00e7erezleri birer birer silme ya da belirli internet sitelerinden veya t\u00fcm internet sitelerinden gelen \u00e7erezleri engelleme imkan\u0131 sa\u011flar. \u00c7erezlerin tamam\u0131n\u0131 silmeniz halinde, yapt\u0131\u011f\u0131n\u0131z t\u00fcm tercihlerin &nbsp;\u2013 ki buna \u00e7erezlerden yararlanma se\u00e7ene\u011fi de dahildir \u2013 silinece\u011fini hat\u0131rlat\u0131r\u0131z. Taray\u0131c\u0131 ayarlar\u0131n\u0131 de\u011fi\u015ftirerek \u00e7erezleri nas\u0131l filtreleyece\u011finiz veya engelleyece\u011finizle ilgili daha detayl\u0131 bilgi i\u00e7in&nbsp;<a href=\"http:\/\/www.aboutcookies.org\/\">http:\/\/www.aboutcookies.org\/<\/a>&nbsp;&nbsp; ya da&nbsp;<a href=\"http:\/\/www.cookiecentral.com\/faq\/\">http:\/\/www.cookiecentral.com\/faq\/<\/a>linkine bak\u0131n\u0131z.<\/p><p><strong>Analitik \u00c7erez Ayarlar\u0131<\/strong><\/p><p>Ayarlar\u0131n\u0131z\u0131 de\u011fi\u015ftirerek internet sitelerindeki isimsiz arama faaliyetlerinizin analitik \u00e7erezler taraf\u0131ndan kaydedilmesini engelleyebilirsiniz. Gizlilik politikalar\u0131 ve \u00e7erez ayarlar\u0131 ile ilgili daha detayl\u0131 bilgi i\u00e7in a\u015fa\u011f\u0131daki hizmet sa\u011flay\u0131c\u0131 linklere t\u0131klayabilirsiniz:<\/p><p>Adobe:&nbsp;<a href=\"http:\/\/www.adobe.com\/privacy\/opt-out.html\">http:\/\/www.adobe.com\/privacy\/opt-out.html<\/a><\/p><p>Google Analytics:&nbsp;<a href=\"http:\/\/www.google.com\/analytics\/learn\/privacy.html\">http:\/\/www.google.com\/analytics\/learn\/privacy.html<\/a><\/p><p>Yerel Payla\u015f\u0131ml\u0131 Nesne (LSOs) veya Flash \u00c7erez Ayarlar\u0131<\/p><p>Yerel payla\u015f\u0131ml\u0131 &nbsp;nesne ya da flash \u00e7erezler t\u00fcm di\u011fer \u00e7erezler gibidir ancak bunlar ayr\u0131ca ba\u015fka bilgi t\u00fcrlerini de kaydedebilir. Bu \u00e7erezlerin ayarlanmas\u0131nda yukar\u0131da belirtilen de\u011fi\u015fiklikler yap\u0131lamaz. Bu internet sitesinin baz\u0131 k\u0131s\u0131mlar\u0131nda media player \u00f6zellikleri ile ilgili kullan\u0131c\u0131 tercihlerini kaydetmek i\u00e7in bu t\u00fcr \u00e7erezler kullan\u0131lm\u0131\u015ft\u0131r. Baz\u0131 videolar\u0131n d\u00fczg\u00fcn \u015fekilde \u00e7al\u0131\u015fmas\u0131 i\u00e7in de bu \u00e7erezlerin kullan\u0131lmas\u0131 zorunludur. Bu \u00e7erezlerle ilgili d\u00fczenlemeleri, Adobe internet sitesini ziyaret ederek manuel olarak yapabilirsiniz.&nbsp;<\/p><p><a href=\"http:\/\/www.macromedia.com\/support\/documentation\/en\/flashplayer\/help\/settings_manager07.html\">http:\/\/www.macromedia.com\/support\/documentation\/en\/flashplayer\/help\/settings_manager07.html<\/a><\/p><p><strong>Sosyal tu\u015flar<\/strong><\/p><p>Kullan\u0131c\u0131lar\u0131n internet sayfalar\u0131n\u0131 payla\u015fmas\u0131 ya da i\u015faretlemesi i\u00e7in \u201csosyal tu\u015flar\u201d kullan\u0131lmaktad\u0131r. Bunlar \u00fc\u00e7\u00fcnc\u00fc parti sosyal medya siteleri i\u00e7in koyulmu\u015f tu\u015flard\u0131r ve bu &nbsp;sosyal medya internet siteleri, bu internet sitesi de dahil olmak \u00fczere, Internetteki aktivitelerinizle ilgili bilgileri kaydedebilir. Bu internet sitelerinin sizinle ilgili bilgileri nas\u0131l kulland\u0131\u011f\u0131n\u0131, bunu nas\u0131l engelleyece\u011finizi ya da bilgileri nas\u0131l silece\u011finizi \u00f6\u011frenmek i\u00e7in ilgili sitelerin kullan\u0131m kurallar\u0131n\u0131 ve gizlilik politikalar\u0131n\u0131 inceleyiniz.&nbsp;<\/p><p><strong>D\u0131\u015f kaynakl\u0131 web hizmetleri<\/strong><\/p><p>Bu internet sitesinde yer alan sayfa i\u00e7eriklerinde baz\u0131 durumlarda d\u0131\u015f kaynakl\u0131 web hizmetlerinden yararlan\u0131lmaktad\u0131r. (\u00d6r: resimlerin ve videolar\u0131n g\u00f6r\u00fct\u00fclenmesi ya da anket yap\u0131lmas\u0131 gibi). Sosyal tu\u015flarda oldu\u011fu gibi, bu sitelerin ya da d\u0131\u015f kaynakl\u0131 \u00e7al\u0131\u015fma alanlar\u0131n\u0131n sizin kulland\u0131\u011f\u0131n\u0131z i\u00e7eri\u011fe ait bilgileri toplamas\u0131\/saklamas\u0131 engellenememektedir.&nbsp;<\/p><p><strong>E-posta \u0130leti\u015fimi<\/strong><\/p><p>Size g\u00f6nderdi\u011fimiz baz\u0131 e-postalarla ilgili okundu, a\u00e7\u0131ld\u0131 ya da ba\u015fkas\u0131na iletildi bilgilerine ula\u015farak, ileti\u015fimimizi daha ilgi \u00e7ekici ve i\u015flevsel hale getirebilmek i\u00e7in takip teknolojileri kullanabiliyoruz. G\u00f6nderdi\u011fimiz e-postalarda takip \u00f6zelli\u011fini kald\u0131ramad\u0131\u011f\u0131m\u0131zdan, size g\u00f6nderilen i\u00e7eri\u011fin okundu\u011fu, a\u00e7\u0131ld\u0131\u011f\u0131 ya da ba\u015fkas\u0131na iletildi\u011fi bilgisine ula\u015fmam\u0131z\u0131 istemiyorsan\u0131z, kayd\u0131n\u0131z\u0131 silmeniz gerekmektedir.&nbsp;&nbsp;<a href=\"https:\/\/esfurgida.shop\/?page_id=1685\">bize&nbsp;ula\u015f\u0131n&nbsp;<\/a>b\u00f6l\u00fcm\u00fcnden her zaman ileti\u015fim tercihlerinizi g\u00fcncelleyebilir ya da bizden ald\u0131\u011f\u0131n\u0131z e-postalardaki talimatlar\u0131 uygulayarak, \u00fcyeli\u011finizi sonland\u0131rabilirsiniz. &nbsp;<\/p><p>\u015eirketimiz, gerekli oldu\u011fu hallerde, bu \u00c7erez Bildirimini de\u011fi\u015ftirebilir. Bildirimin de\u011fi\u015ftirildi\u011fi hallerde sayfan\u0131n \u00fcst k\u0131sm\u0131ndaki g\u00fcncelleme tarihi taraf\u0131m\u0131zdan de\u011fi\u015ftirilerek, g\u00fcncellenen ya da de\u011fi\u015ftirilen \u00c7erez Bildirimi belirtilen tarihten itibaren ge\u00e7erli olacakt\u0131r. \u00c7erez (Cookie) Bildirimini belirli zamanlarda inceleyerek, \u00e7erez kullan\u0131m\u0131 ile ilgili bilgi edinmenizi tavsiye ederiz.<\/p><p><strong>Gizlilik Bildirimi<\/strong><\/p><p><strong>Giri\u015f<\/strong><\/p><p>Bu Gizlilik Bildirimi esfurgida.com i\u00e7in ge\u00e7erlidir.<\/p><p>esfurgida.com (Gizlilik Bildirimi\u2019nde \u201cbiz\u201d veya \u201cbizim\u201d olarak an\u0131labilir), gizlilik kurallar\u0131na \u00f6nem veren global yay\u0131n yapan bir web sitesi olup esfurgida.com domaini ile internet sitesi hizmete sunmaktad\u0131r. Bu Gizlilik Bildirimi\u2019nde internet sitesi arac\u0131l\u0131\u011f\u0131 ile toplanan&nbsp;ziyaret\u00e7i&nbsp;bilgilerinin nas\u0131l topland\u0131\u011f\u0131, i\u015flendi\u011fi ve korundu\u011fu a\u00e7\u0131klanmaktad\u0131r.<\/p><p>Bu Gizlilik Bildirimi\u2019nde bilgileriniz zaman zaman \u201cki\u015fisel veri\u201d olarak ifade edilmektedir. Ayr\u0131ca internet sayfam\u0131zda ki\u015fisel verilerinizin toplanmas\u0131, korunmas\u0131 ve depolanmas\u0131na ili\u015fkin olarak \u201ci\u015fleme\u201d ifadesi kullan\u0131labilir.<\/p><p>\u201cBu internet sitesi\u201d ya da \u201cinternet sitemiz\u201d \u015feklinde tan\u0131mlanan internet sayfalar\u0131 ile belirtilmek istenen, sadece esfurgida.com internet sitesi anlam\u0131na gelmektedir.&nbsp;<\/p><p><strong>Bu internet sitesini kullanarak, Gizlilik Bildirimi\u2019nde tarif edildi\u011fi \u015fekilde bilgilerinizin i\u015flenmesini kabul etmi\u015f bulunmaktas\u0131n\u0131z.&nbsp;<\/strong>Gizlilik Bildirimi\u2019ne ili\u015fkin herhangi bir sorunuz olmas\u0131 durumunda, l\u00fctfen bu internet sitesinde yer alan&nbsp;<a href=\"https:\/\/www.kigem.com\/iletisim\">Bize ula\u015f\u0131n<\/a>&nbsp;b\u00f6l\u00fcm\u00fcn\u00fc kullan\u0131n\u0131z.<\/p><p><strong>Veri Toplama<\/strong><\/p><p>Bu internet sitesini kullan\u0131rken herhangi bir ki\u015fisel veri payla\u015fmak zorunda de\u011filsiniz. Bu internet sitesi sadece ziyaret\u00e7iler taraf\u0131ndan g\u00f6n\u00fcll\u00fc ve bilin\u00e7li olarak payla\u015f\u0131lan bilgileri toplamaktad\u0131r. Payla\u015f\u0131lan bilgiler, bunlarla s\u0131n\u0131rl\u0131 olmamakla birlikte, isim, i\u015f unvan\u0131, \u015firket adresi, e-mail adresi, telefon ve faks numaralar\u0131n\u0131 i\u00e7ermektedir. Bize iletmi\u015f oldu\u011funuz blog, forum, wiki ya da di\u011fer sosyal medya mecralar\u0131ndaki payla\u015f\u0131mlar\u0131n\u0131z\u0131 da muhafaza edebiliriz.<\/p><p>Ki\u015fisel verileriniz, yukar\u0131da belirtilen ama\u00e7larla, 6698 say\u0131l\u0131 Ki\u015fisel Verilerin Korunmas\u0131 Kanunu\u2019nda (\u201cKanun\u201d) &nbsp;\u00f6ng\u00f6r\u00fclen temel ilkelere uygun olarak Kanun\u2019un 5 inci maddesinde belirtilen; kanunlarda \u00f6ng\u00f6r\u00fclmesi, s\u00f6zle\u015fmenin ifas\u0131, veri sorumlusunun hukuki y\u00fck\u00fcml\u00fcl\u00fc\u011f\u00fcn\u00fc yerine getirebilmesi, taraf\u0131n\u0131zca alenile\u015ftirilmi\u015f olmas\u0131 ve ilgili ki\u015finin temel hak ve \u00f6zg\u00fcrl\u00fcklerine zarar vermemek kayd\u0131yla esfurgida.shop\u2019un me\u015fru menfaati sebeplerine dayal\u0131 olarak toplanabilmektedir.<\/p><p>Genel olarak internet sitemizi ziyaret edenlerden \u201c\u00f6zel nitelikli ki\u015fisel verileri\u201d (\u0131rk\/etnik k\u00f6ken bilgileri, dini inan\u0131\u015flar, sab\u0131ka kayd\u0131, fiziksel ve sa\u011fl\u0131k verisi vb.) talep etmemekteyiz. Sadece gerekli oldu\u011fu durumlarda ve a\u00e7\u0131k r\u0131zan\u0131z\u0131n al\u0131nmas\u0131 ko\u015fulu ile bu verileri toplayabilir ve i\u015fleyebiliriz.<\/p><p><strong>Log Bilgileri, \u00c7erezler (Cookies) ve Web \u0130\u015faret\u00e7ileri<\/strong><\/p><p>Bu internet sitesi; IP adresi, internet taray\u0131c\u0131s\u0131 tipi ve dili, eri\u015fim zamanlar\u0131 ve internet sitesi adresleri gibi standart log bilgilerini toplamaktad\u0131r. Bu internet sitesinin iyi bir \u015fekilde y\u00f6netilmesi ve ileri seviyede kullan\u0131m rahatl\u0131\u011f\u0131n\u0131n sa\u011flanabilmesi i\u00e7in bizim taraf\u0131m\u0131zdan ya da hizmet sunucumuz taraf\u0131ndan toplu veri toplamak i\u00e7in \u00e7erezler (cookies) (kullan\u0131c\u0131n\u0131n taray\u0131c\u0131s\u0131nda depolanm\u0131\u015f k\u0131sa text dosyalar\u0131) &nbsp;ya da web i\u015faret\u00e7ileri (bu internet sitesinin belli sayfalara ya da belirli tan\u0131mlama bilgilerine eri\u015fen ziyaret\u00e7ileri sayabilmesine imkan sa\u011flayan elektronik g\u00f6rseller) kullan\u0131labilir. Bu \u00e7erezleri ve di\u011fer takip teknolojilerini nas\u0131l kulland\u0131\u011f\u0131m\u0131z ile ilgili detaylar\u0131 ve bunlar\u0131 nas\u0131l kontrol edebilece\u011finiz ile ilgili bilgileri yukar\u0131da belirtilen \u00c7erez (Cookie) Bildirimi&nbsp;b\u00f6l\u00fcm\u00fcnde bulabilirsiniz.<\/p><p><strong>Veri Kullan\u0131m\u0131<\/strong><\/p><p>Zaman zaman bu internet sitesi arac\u0131l\u0131\u011f\u0131 ile ki\u015fisel verilerinizi payla\u015fmak durumunda kalabilirsiniz; \u00f6rne\u011fin, \u00f6zel bir i\u00e7eri\u011fe eri\u015fmek, bir organizasyona veya ankete kat\u0131lmak ya da ilgilendi\u011finiz bir alan hakk\u0131nda detayl\u0131 bilgi almak i\u00e7in bilgilerinizi payla\u015fabilirsiniz. Bu gibi durumlarda payla\u015ft\u0131\u011f\u0131n\u0131z bilgiler, talebinizi yerine getirebilmek amac\u0131yla i\u015flenebilir. Ayr\u0131ca pazar ara\u015ft\u0131rmalar\u0131\/genel ara\u015ft\u0131rmalar kapsam\u0131nda sizlerle ileti\u015fime ge\u00e7ebiliriz.&nbsp;Diledi\u011finiz zaman, size iletti\u011fimiz e-posta ve di\u011fer payla\u015f\u0131mlar\u0131 durdurmam\u0131z\u0131 bizden talep edebilirsiniz.<\/p><p><strong>Bilgilerin \u00dc\u00e7\u00fcnc\u00fc Ki\u015filer ile Payla\u015f\u0131m\u0131<\/strong><\/p><p>Toplanan ki\u015fisel verileriniz, bu Gizlilik Bildirimi\u2019nde a\u00e7\u0131klanan ama\u00e7lar ile Kanun ve ilgili d\u00fczenlemeler kapsam\u0131nda aktar\u0131lmas\u0131n\u0131 gerektiren sebepler ve veri g\u00fcvenli\u011finin s\u00fcreklili\u011finin sa\u011flanmas\u0131 ama\u00e7lar\u0131yla s\u0131n\u0131rl\u0131 olarak ilgili hizmetlerinden faydaland\u0131\u011f\u0131m\u0131z ve i\u015f birli\u011fi i\u00e7inde bulundu\u011fumuz \u015firketler ve \u00fcye firmalara aktar\u0131labilmektedir.<\/p><p><strong>Bloglar, Forumlar, Wikiler ve Di\u011fer Sosyal Medya Ara\u00e7lar\u0131<\/strong><\/p><p>Bu internet sitesi di\u011fer kullan\u0131c\u0131larla i\u00e7erik payla\u015fman\u0131za olanak sa\u011flayan bir\u00e7ok blog, forum, wiki ve di\u011fer sosyal medya uygulama ve hizmetlerine (\u201dSosyal Medya Uygulamas\u0131\u201d) &nbsp;bir platform sa\u011flayabilir. Herhangi bir Sosyal Medya Uygulamas\u0131\u2019nda payla\u015ft\u0131\u011f\u0131n\u0131z ki\u015fisel ya da di\u011fer herhangi bir veri bu Sosyal Medya Uygulamas\u0131\u2019n\u0131n \u00fczerinde hi\u00e7 veya yeteri kadar kontrol\u00fcm\u00fcz olmayan di\u011fer kullan\u0131c\u0131lar taraf\u0131ndan okunabilir, al\u0131nabilir ve kullan\u0131labilir. Bu sebeple, herhangi bir Sosyal Medya Uygulamas\u0131\u2019nda payla\u015ft\u0131\u011f\u0131n\u0131z herhangi bir ki\u015fisel ya da di\u011fer verinin di\u011fer bir kullan\u0131c\u0131 taraf\u0131ndan kullan\u0131m\u0131, k\u00f6t\u00fcye kullan\u0131m\u0131 ya da suistimal edilmesi durumlar\u0131ndan kesinlikle sorumlu olmayaca\u011f\u0131m\u0131z\u0131 beyan ediyoruz.<\/p><p><strong>Veriye Eri\u015fim<\/strong><\/p><p>Verilere eri\u015fmek, detaylar\u0131n\u0131 g\u00fcncellemek ya da art\u0131k herhangi bir bilgilendirme mesaj\u0131 almak istemeyen veya di\u011fer payla\u015f\u0131mlar\u0131 durdurma amac\u0131yla talepte bulunacak ziyaret\u00e7iler&nbsp;<a href=\"https:\/\/www.kigem.com\/iletisim\">\u0130LET\u0130\u015e\u0130M<\/a>&nbsp;b\u00f6l\u00fcm\u00fcnden&nbsp;ba\u015fvuru yaparak a\u011f y\u00f6neticisi ile irtibata ge\u00e7melidirler.<\/p><p><strong>Veri G\u00fcvenli\u011fi<\/strong><\/p><p>Esfurgida.shop olarak , bu internet sitesi arac\u0131l\u0131\u011f\u0131yla ziyaret\u00e7ilerin payla\u015ft\u0131\u011f\u0131 t\u00fcm verileri m\u00fcmk\u00fcn olan en iyi \u015fekilde ve \u00f6zenle i\u015fleyerek muhafaza ediyoruz ve gizli tutulmas\u0131na b\u00fcy\u00fck \u00f6nem veriyoruz.<\/p><p><strong>Gizlilik Bildirimizdeki De\u011fi\u015fiklikler<\/strong><\/p><p>\u0130\u015fbu Gizlilik Bildirimi \u00fczerinde zaman zaman de\u011fi\u015fiklikler ve d\u00fczeltmeler yap\u0131labilecektir. Herhangi bir de\u011fi\u015fiklik yap\u0131lmas\u0131 halinde sayfan\u0131n en \u00fcst\u00fcnde yer alan g\u00fcncelleme tarihi de\u011fi\u015ftirilecek ve Gizlilik Bildirimi g\u00fcncellendi\u011fi tarih itibariyle ge\u00e7erli olacakt\u0131r. Yap\u0131lan de\u011fi\u015fiklikleri g\u00f6rmek ve bunlar\u0131n sizi nas\u0131l etkileyece\u011fi hakk\u0131nda bilgi almak i\u00e7in i\u015fbu Gizlilik Bildirimi\u2019ni d\u00fczenli olarak kontrol ediniz.<\/p><p>\u00c7EREZ POL\u0130T\u0130KAMIZ<\/p><p>Esfur G\u0131da Kurumsal WEB Sitesi www.esfurgida.shop (Bundan sonra \u201c\u0130nternet Sitesi\u201d olarak an\u0131lacakt\u0131r.), kullan\u0131c\u0131lar\u0131n gizlili\u011fini korumak ve kullan\u0131lan teknolojik altyap\u0131dan en \u00fcst seviyede yararlanmas\u0131 ile g\u00fcvenli\u011fin sa\u011flanabilmesi amac\u0131yla \u00e7e\u015fitli gizlilik ilkeleri belirlemi\u015ftir. \u00c7erez Politikam\u0131z da Gizlilik Politikam\u0131z\u0131n bir par\u00e7as\u0131n\u0131 olu\u015fturur. Kullan\u0131c\u0131lar, \u0130nternet Sitesi \u00fczerinden Gizlilik Politikas\u0131 metnini onaylayarak \u0130nternet Sitesi\u2019ni ilk ziyaretlerinden itibaren, a\u015fa\u011f\u0131da yaz\u0131l\u0131 olan ve \u0130nternet Sitesi\u2019nin ziyaret edilmesine ve\/veya kullan\u0131lmas\u0131na ili\u015fkin \u00f6nemli bilgiler i\u00e7eren hususlar\u0131 b\u00fct\u00fcn\u00fcyle anlam\u0131\u015f ve tamam\u0131n\u0131 ayr\u0131lmaz bir b\u00fct\u00fcn olarak kabul etmi\u015f olurlar.<\/p><p>\u0130nternet Sitesi, \u00e7evrimi\u00e7i servisleri, interaktif uygulamalar\u0131, e-posta mesajlar\u0131 ve reklamlar\u0131, \u00e7erezleri (cookie) ve di\u011fer teknolojileri kullanabilir. Bu teknolojiler size en kaliteli hizmeti sa\u011flamak, davran\u0131\u015flar\u0131n\u0131z\u0131 daha iyi anlamak ve hizmetlerimizi daha kolay sunmak amac\u0131yla kullan\u0131lmaktad\u0131r. \u00c7erezler ve di\u011fer teknolojiler \u0130nternet Sitesi\u2019ni ziyaret etti\u011finiz zaman ki\u015fisel bilgilerinizi an\u0131msat\u0131r. Bununla amac\u0131m\u0131z size kullan\u0131m kolayl\u0131\u011f\u0131 sa\u011flamak, vermi\u015f oldu\u011funuz sipari\u015flere ula\u015fabilmenizi sa\u011flamak ve bir sonraki ziyaretinizde sizi ve ki\u015fisel bilgilerinizi an\u0131msayarak size daha \u00f6zel bir hizmet sunabilmektir.<\/p><p>\u0130nternet Sitesi\u2019nde bulundu\u011funuz s\u00fcre boyunca \u2018cookie\u2019 olarak adland\u0131r\u0131lan \u00e7erezlerin ve buna benzer ba\u015fkaca unsurlar\u0131n taray\u0131c\u0131n\u0131za yerle\u015ftirilmesi s\u00f6z konusu olabilir. Taray\u0131c\u0131n\u0131zdan \u00e7erez ayarlar\u0131n\u0131 de\u011fi\u015ftirmeksizin \u0130nternet Sitesi\u2019ni kullanmaya devam ederek \u00e7erez kullan\u0131m\u0131na izin vermektesiniz.<\/p><p>\u0130nternet Sitesi\u2019nde, \u201coturum \u00e7erezleri\u201d ve \u201ckal\u0131c\u0131 \u00e7erezler\u201d olarak adland\u0131r\u0131lan \u00e7erezlerin d\u0131\u015f\u0131nda, kal\u0131c\u0131 ve oturum \u00e7erezlerinin kullan\u0131lmas\u0131 arac\u0131l\u0131\u011f\u0131yla \u0130nternet Sitesi\u2019nin trafi\u011finin izlenmesi ve raporlanarak kullan\u0131c\u0131 deneyiminin daha iyi analiz edilmesi sa\u011flamak amac\u0131yla Google Analytics \u00e7erezleri kullan\u0131lmaktad\u0131r. Ayr\u0131ca farkl\u0131 analiz uygulamalar\u0131n\u0131n da \u00e7erezleri sitemizde mevcuttur.<\/p><p>\u00c7erezleri bilgisayar\u0131n\u0131zdan diledi\u011finiz zaman silebilir ya da engelleyebilirsiniz. \u00c7erezler, kullan\u0131c\u0131 davran\u0131\u015flar\u0131n\u0131 anlamak, \u00fcyelerimizin \u0130nternet Sitesi\u2019nin hangi b\u00f6l\u00fcmlerini ziyaret ettiklerini g\u00f6stermek, reklamlar\u0131n ve aramalar\u0131n etkinli\u011fini \u00f6l\u00e7mek amac\u0131yla kullan\u0131lmaktad\u0131r. Esfur G\u0131da \u0130n\u015f. San. Ve Tic. Ltd. \u015eti. bu bilgileri pazarlama ve reklam hizmetlerinde de kullanabilir.<\/p><p>Bu \u00c7erez Politikam\u0131z\u0131 herhangi bir bildirimde bulunmadan g\u00fcncelleyebilece\u011fimizi, bu sebeple \u00c7erez Politikam\u0131z\u0131 \u00e7e\u015fitli zamanlarda yeniden incelemeniz gerekti\u011fini belirtmek isteriz.<\/p><p><\/p>","protected":false},"excerpt":{"rendered":"<p>Bu Sitede, kullan\u0131c\u0131 deneyimini geli\u015ftirmek ve internet sitesinin verimli \u00e7al\u0131\u015fmas\u0131n\u0131 sa\u011flamak amac\u0131yla \u00e7erezler kullan\u0131lmaktad\u0131r. \u00c7erez Bildirimi a\u015fa\u011f\u0131da belirtilen bir par\u00e7as\u0131d\u0131r. \u015eirketimiz ve ziyaret\u00e7i bilgilerinin korunmas\u0131yla ilgili daha detayl\u0131 bilgi i\u00e7in&nbsp;Gizlilik Bildirimimize&nbsp;bak\u0131n\u0131z. Size ihtiya\u00e7lar\u0131n\u0131z do\u011frultusunda ve \u00f6zelle\u015ftirilmi\u015f hizmetler sunabilmemiz i\u00e7in, bu internet sitesinin kullan\u0131m\u0131na ili\u015fkin bilgilerinizin hat\u0131rlanmas\u0131 ve bu bilgilerinizin kaydedilmesi gerekmektedir. T\u00fcm bu i\u015flemler k\u00fc\u00e7\u00fck<\/p>\n<div class=\"klb-readmore entry-button\"><a class=\"button\" href=\"https:\/\/esfurgida.shop\/?page_id=2366\">Daha fazla bilgi edinin<\/a><\/div>\n","protected":false},"author":1,"featured_media":0,"parent":0,"menu_order":0,"comment_status":"closed","ping_status":"closed","template":"","meta":{"om_disable_all_campaigns":false,"_monsterinsights_skip_tracking":false,"_monsterinsights_sitenote_active":false,"_monsterinsights_sitenote_note":"","_monsterinsights_sitenote_category":0,"footnotes":""},"class_list":["post-2366","page","type-page","status-publish","hentry"],"aioseo_notices":[],"_links":{"self":[{"href":"https:\/\/esfurgida.shop\/index.php?rest_route=\/wp\/v2\/pages\/2366","targetHints":{"allow":["GET"]}}],"collection":[{"href":"https:\/\/esfurgida.shop\/index.php?rest_route=\/wp\/v2\/pages"}],"about":[{"href":"https:\/\/esfurgida.shop\/index.php?rest_route=\/wp\/v2\/types\/page"}],"author":[{"embeddable":true,"href":"https:\/\/esfurgida.shop\/index.php?rest_route=\/wp\/v2\/users\/1"}],"replies":[{"embeddable":true,"href":"https:\/\/esfurgida.shop\/index.php?rest_route=%2Fwp%2Fv2%2Fcomments&post=2366"}],"version-history":[{"count":1,"href":"https:\/\/esfurgida.shop\/index.php?rest_route=\/wp\/v2\/pages\/2366\/revisions"}],"predecessor-version":[{"id":2367,"href":"https:\/\/esfurgida.shop\/index.php?rest_route=\/wp\/v2\/pages\/2366\/revisions\/2367"}],"wp:attachment":[{"href":"https:\/\/esfurgida.shop\/index.php?rest_route=%2Fwp%2Fv2%2Fmedia&parent=2366"}],"curies":[{"name":"wp","href":"https:\/\/api.w.org\/{rel}","templated":true}]}}