{"id":2426,"date":"2025-12-26T08:49:25","date_gmt":"2025-12-26T05:49:25","guid":{"rendered":"https:\/\/esfurgida.shop\/?page_id=2426"},"modified":"2025-12-26T08:49:26","modified_gmt":"2025-12-26T05:49:26","slug":"2426-2","status":"publish","type":"page","link":"https:\/\/esfurgida.shop\/?page_id=2426","title":{"rendered":""},"content":{"rendered":"<details class=\"wp-block-details is-layout-flow wp-block-details-is-layout-flow\"><summary><\/summary><div class=\"wp-block-cover alignfull is-light wp-duotone-unset-2\" style=\"margin-top:0;padding-top:5vw;padding-right:5vw;padding-bottom:5vw;padding-left:5vw;min-height:66vh;aspect-ratio:unset;\"><span aria-hidden=\"true\" class=\"wp-block-cover__background has-background-dim-100 has-background-dim has-background-gradient\" style=\"background:linear-gradient(90deg,rgb(35,74,20) 50%,rgb(225,137,116) 50%)\"><\/span><div class=\"wp-block-cover__inner-container is-layout-flow wp-block-cover-is-layout-flow\"><div class=\"wp-block-group wp-container-content-1\"><div class=\"wp-block-group__inner-container is-layout-constrained wp-container-core-group-is-layout-1 wp-block-group-is-layout-constrained\"><div style=\"height:100px\" aria-hidden=\"true\" class=\"wp-block-spacer\"><\/div>\n\n<figure class=\"wp-block-image size-large is-style-default wp-duotone-unset-1\"><img fetchpriority=\"high\" decoding=\"async\" width=\"1024\" height=\"387\" src=\"https:\/\/esfurgida.shop\/wp-content\/uploads\/2024\/12\/65988770-sw1885sh712-1024x387.webp\" alt=\"\" class=\"wp-image-2195\" srcset=\"https:\/\/esfurgida.shop\/wp-content\/uploads\/2024\/12\/65988770-sw1885sh712-1024x387.webp 1024w, https:\/\/esfurgida.shop\/wp-content\/uploads\/2024\/12\/65988770-sw1885sh712-300x113.webp 300w, https:\/\/esfurgida.shop\/wp-content\/uploads\/2024\/12\/65988770-sw1885sh712-768x290.webp 768w, https:\/\/esfurgida.shop\/wp-content\/uploads\/2024\/12\/65988770-sw1885sh712-1536x580.webp 1536w, https:\/\/esfurgida.shop\/wp-content\/uploads\/2024\/12\/65988770-sw1885sh712-600x227.webp 600w, https:\/\/esfurgida.shop\/wp-content\/uploads\/2024\/12\/65988770-sw1885sh712-90x34.webp 90w, https:\/\/esfurgida.shop\/wp-content\/uploads\/2024\/12\/65988770-sw1885sh712.webp 1885w\" sizes=\"(max-width: 1024px) 100vw, 1024px\" \/><\/figure>\n\n<div style=\"height:48px\" aria-hidden=\"true\" class=\"wp-block-spacer\"><\/div>\n\n<h2 class=\"wp-block-heading alignwide has-text-align-center has-white-color has-text-color\" style=\"padding-left:32px;font-size:50px;font-style:normal;font-weight:400;letter-spacing:32px;line-height:1;text-transform:uppercase\">bizi tercih etti\u011finiz i\u00e7in te\u015fekk\u00fcr ederiz<\/h2>\n\n<div style=\"height:100px\" aria-hidden=\"true\" class=\"wp-block-spacer\"><\/div><\/div><\/div><\/div><\/div><\/details>","protected":false},"excerpt":{"rendered":"","protected":false},"author":1,"featured_media":0,"parent":0,"menu_order":0,"comment_status":"closed","ping_status":"closed","template":"","meta":{"om_disable_all_campaigns":false,"_monsterinsights_skip_tracking":false,"_monsterinsights_sitenote_active":false,"_monsterinsights_sitenote_note":"","_monsterinsights_sitenote_category":0,"footnotes":""},"class_list":["post-2426","page","type-page","status-publish","hentry"],"aioseo_notices":[],"_links":{"self":[{"href":"https:\/\/esfurgida.shop\/index.php?rest_route=\/wp\/v2\/pages\/2426","targetHints":{"allow":["GET"]}}],"collection":[{"href":"https:\/\/esfurgida.shop\/index.php?rest_route=\/wp\/v2\/pages"}],"about":[{"href":"https:\/\/esfurgida.shop\/index.php?rest_route=\/wp\/v2\/types\/page"}],"author":[{"embeddable":true,"href":"https:\/\/esfurgida.shop\/index.php?rest_route=\/wp\/v2\/users\/1"}],"replies":[{"embeddable":true,"href":"https:\/\/esfurgida.shop\/index.php?rest_route=%2Fwp%2Fv2%2Fcomments&post=2426"}],"version-history":[{"count":2,"href":"https:\/\/esfurgida.shop\/index.php?rest_route=\/wp\/v2\/pages\/2426\/revisions"}],"predecessor-version":[{"id":2428,"href":"https:\/\/esfurgida.shop\/index.php?rest_route=\/wp\/v2\/pages\/2426\/revisions\/2428"}],"wp:attachment":[{"href":"https:\/\/esfurgida.shop\/index.php?rest_route=%2Fwp%2Fv2%2Fmedia&parent=2426"}],"curies":[{"name":"wp","href":"https:\/\/api.w.org\/{rel}","templated":true}]}}