{"id":2429,"date":"2025-12-26T08:55:34","date_gmt":"2025-12-26T05:55:34","guid":{"rendered":"https:\/\/esfurgida.shop\/?page_id=2429"},"modified":"2025-12-26T08:55:35","modified_gmt":"2025-12-26T05:55:35","slug":"bizi-tercih-ettiginiz-icin-tesekkur-ederiz","status":"publish","type":"page","link":"https:\/\/esfurgida.shop\/?page_id=2429","title":{"rendered":"B\u0130Z\u0130 TERC\u0130H ETT\u0130\u011e\u0130N\u0130Z \u0130\u00c7\u0130N TE\u015eEKK\u00dcR EDER\u0130Z :)"},"content":{"rendered":"<figure class=\"wp-block-image size-large\"><img fetchpriority=\"high\" decoding=\"async\" width=\"1024\" height=\"387\" src=\"https:\/\/esfurgida.shop\/wp-content\/uploads\/2024\/12\/65988770-sw1885sh712-1024x387.webp\" alt=\"\" class=\"wp-image-2195\" srcset=\"https:\/\/esfurgida.shop\/wp-content\/uploads\/2024\/12\/65988770-sw1885sh712-1024x387.webp 1024w, https:\/\/esfurgida.shop\/wp-content\/uploads\/2024\/12\/65988770-sw1885sh712-300x113.webp 300w, https:\/\/esfurgida.shop\/wp-content\/uploads\/2024\/12\/65988770-sw1885sh712-768x290.webp 768w, https:\/\/esfurgida.shop\/wp-content\/uploads\/2024\/12\/65988770-sw1885sh712-1536x580.webp 1536w, https:\/\/esfurgida.shop\/wp-content\/uploads\/2024\/12\/65988770-sw1885sh712-600x227.webp 600w, https:\/\/esfurgida.shop\/wp-content\/uploads\/2024\/12\/65988770-sw1885sh712-90x34.webp 90w, https:\/\/esfurgida.shop\/wp-content\/uploads\/2024\/12\/65988770-sw1885sh712.webp 1885w\" sizes=\"(max-width: 1024px) 100vw, 1024px\" \/><\/figure><p><\/p>","protected":false},"excerpt":{"rendered":"","protected":false},"author":1,"featured_media":0,"parent":0,"menu_order":0,"comment_status":"closed","ping_status":"closed","template":"","meta":{"om_disable_all_campaigns":false,"_monsterinsights_skip_tracking":false,"_monsterinsights_sitenote_active":false,"_monsterinsights_sitenote_note":"","_monsterinsights_sitenote_category":0,"footnotes":""},"class_list":["post-2429","page","type-page","status-publish","hentry"],"aioseo_notices":[],"_links":{"self":[{"href":"https:\/\/esfurgida.shop\/index.php?rest_route=\/wp\/v2\/pages\/2429","targetHints":{"allow":["GET"]}}],"collection":[{"href":"https:\/\/esfurgida.shop\/index.php?rest_route=\/wp\/v2\/pages"}],"about":[{"href":"https:\/\/esfurgida.shop\/index.php?rest_route=\/wp\/v2\/types\/page"}],"author":[{"embeddable":true,"href":"https:\/\/esfurgida.shop\/index.php?rest_route=\/wp\/v2\/users\/1"}],"replies":[{"embeddable":true,"href":"https:\/\/esfurgida.shop\/index.php?rest_route=%2Fwp%2Fv2%2Fcomments&post=2429"}],"version-history":[{"count":1,"href":"https:\/\/esfurgida.shop\/index.php?rest_route=\/wp\/v2\/pages\/2429\/revisions"}],"predecessor-version":[{"id":2430,"href":"https:\/\/esfurgida.shop\/index.php?rest_route=\/wp\/v2\/pages\/2429\/revisions\/2430"}],"wp:attachment":[{"href":"https:\/\/esfurgida.shop\/index.php?rest_route=%2Fwp%2Fv2%2Fmedia&parent=2429"}],"curies":[{"name":"wp","href":"https:\/\/api.w.org\/{rel}","templated":true}]}}