{"id":7,"date":"2024-12-26T19:55:44","date_gmt":"2024-12-26T16:55:44","guid":{"rendered":"https:\/\/esfurgida.shop\/?page_id=7"},"modified":"2024-12-29T17:06:45","modified_gmt":"2024-12-29T14:06:45","slug":"cart-1","status":"publish","type":"page","link":"https:\/\/esfurgida.shop\/?page_id=7","title":{"rendered":"Cart-1"},"content":{"rendered":"<div data-block-name=\"woocommerce\/cart\" class=\"wp-block-woocommerce-cart alignwide is-loading\"><div data-block-name=\"woocommerce\/filled-cart-block\" class=\"wp-block-woocommerce-filled-cart-block\"><div data-block-name=\"woocommerce\/cart-items-block\" class=\"wp-block-woocommerce-cart-items-block\"><div data-block-name=\"woocommerce\/cart-line-items-block\" class=\"wp-block-woocommerce-cart-line-items-block\"><\/div>\n\n<div data-block-name=\"woocommerce\/cart-cross-sells-block\" class=\"wp-block-woocommerce-cart-cross-sells-block\"><h2 class=\"wp-block-heading has-large-font-size\">You may be interested in\u2026<\/h2>\n\n<div data-block-name=\"woocommerce\/cart-cross-sells-products-block\" class=\"wp-block-woocommerce-cart-cross-sells-products-block\"><\/div><\/div><\/div>\n\n<div data-block-name=\"woocommerce\/cart-totals-block\" class=\"wp-block-woocommerce-cart-totals-block\"><div data-block-name=\"woocommerce\/cart-order-summary-block\" class=\"wp-block-woocommerce-cart-order-summary-block\"><div data-block-name=\"woocommerce\/cart-order-summary-heading-block\" class=\"wp-block-woocommerce-cart-order-summary-heading-block\"><\/div><div data-block-name=\"woocommerce\/cart-order-summary-coupon-form-block\" class=\"wp-block-woocommerce-cart-order-summary-coupon-form-block\"><\/div><div data-block-name=\"woocommerce\/cart-order-summary-totals-block\" class=\"wp-block-woocommerce-cart-order-summary-totals-block\">\n<div data-block-name=\"woocommerce\/cart-order-summary-subtotal-block\" class=\"wp-block-woocommerce-cart-order-summary-subtotal-block\"><\/div>\n<div data-block-name=\"woocommerce\/cart-order-summary-discount-block\" class=\"wp-block-woocommerce-cart-order-summary-discount-block\"><\/div>\n<div data-block-name=\"woocommerce\/cart-order-summary-fee-block\" class=\"wp-block-woocommerce-cart-order-summary-fee-block\"><\/div>\n<div data-block-name=\"woocommerce\/cart-order-summary-shipping-block\" class=\"wp-block-woocommerce-cart-order-summary-shipping-block\"><\/div>\n<div data-block-name=\"woocommerce\/cart-order-summary-taxes-block\" class=\"wp-block-woocommerce-cart-order-summary-taxes-block\"><\/div><\/div><\/div>\n\n<div data-block-name=\"woocommerce\/cart-express-payment-block\" class=\"wp-block-woocommerce-cart-express-payment-block\"><\/div>\n\n<div data-block-name=\"woocommerce\/proceed-to-checkout-block\" class=\"wp-block-woocommerce-proceed-to-checkout-block\"><\/div>\n\n<div data-block-name=\"woocommerce\/cart-accepted-payment-methods-block\" class=\"wp-block-woocommerce-cart-accepted-payment-methods-block\"><\/div><\/div><\/div>\n\n<div data-block-name=\"woocommerce\/empty-cart-block\" class=\"wp-block-woocommerce-empty-cart-block\"><h2 class=\"wp-block-heading has-text-align-center with-empty-cart-icon wc-block-cart__empty-cart__title\">Your cart is currently empty!<\/h2>\n\n<hr class=\"wp-block-separator has-alpha-channel-opacity is-style-dots\"\/>\n\n<h2 class=\"wp-block-heading has-text-align-center\">New in store<\/h2>\n\n<div data-block-name=\"woocommerce\/product-new\" data-columns=\"4\" data-rows=\"1\" class=\"wc-block-grid wp-block-product-new wp-block-woocommerce-product-new wc-block-product-new has-4-columns\"><ul class=\"wc-block-grid__products\"><li class=\"wc-block-grid__product\">\n\t\t\t\t<a href=\"https:\/\/esfurgida.shop\/?product=sutlu-krema-400-gr-kopya\" class=\"wc-block-grid__product-link\">\n\t\t\t\t\t\n\t\t\t\t\t<div class=\"wc-block-grid__product-image\"><img decoding=\"async\" width=\"90\" height=\"90\" src=\"https:\/\/esfurgida.shop\/wp-content\/uploads\/2025\/11\/e-ticaret-sample206960-90x90.webp\" class=\"attachment-woocommerce_thumbnail size-woocommerce_thumbnail\" alt=\"S\u00fctl\u00fc Krema 400 gr\" srcset=\"https:\/\/esfurgida.shop\/wp-content\/uploads\/2025\/11\/e-ticaret-sample206960-90x90.webp 90w, https:\/\/esfurgida.shop\/wp-content\/uploads\/2025\/11\/e-ticaret-sample206960-300x300.webp 300w, https:\/\/esfurgida.shop\/wp-content\/uploads\/2025\/11\/e-ticaret-sample206960-1024x1024.webp 1024w, https:\/\/esfurgida.shop\/wp-content\/uploads\/2025\/11\/e-ticaret-sample206960-150x150.webp 150w, https:\/\/esfurgida.shop\/wp-content\/uploads\/2025\/11\/e-ticaret-sample206960-768x768.webp 768w, https:\/\/esfurgida.shop\/wp-content\/uploads\/2025\/11\/e-ticaret-sample206960-450x450.webp 450w, https:\/\/esfurgida.shop\/wp-content\/uploads\/2025\/11\/e-ticaret-sample206960-600x600.webp 600w, https:\/\/esfurgida.shop\/wp-content\/uploads\/2025\/11\/e-ticaret-sample206960-54x54.webp 54w, https:\/\/esfurgida.shop\/wp-content\/uploads\/2025\/11\/e-ticaret-sample206960-96x96.webp 96w, https:\/\/esfurgida.shop\/wp-content\/uploads\/2025\/11\/e-ticaret-sample206960.webp 1080w\" sizes=\"(max-width: 90px) 100vw, 90px\"><\/div>\n\t\t\t\t\t<div class=\"wc-block-grid__product-title\">S\u00fctl\u00fc Krema 400 gr<\/div>\n\t\t\t\t<\/a>\n\t\t\t\t<div class=\"wc-block-grid__product-price price\"><span class=\"woocommerce-Price-amount amount\">275,00\u00a0<span class=\"woocommerce-Price-currencySymbol\">\u20ba<\/span><\/span><\/div>\n\t\t\t\t\n\t\t\t\t<div class=\"wp-block-button wc-block-grid__product-add-to-cart\"><a href=\"?add-to-cart=2417\" aria-label=\"Sepete ekle: \u201cS\u00fctl\u00fc Krema 400 gr\u201d\" data-quantity=\"1\" data-product_id=\"2417\" data-product_sku=\"\" data-price=\"275\" rel=\"nofollow\" class=\"wp-block-button__link  add_to_cart_button ajax_add_to_cart\">Sepete Ekle<\/a><\/div>\n<div class=\"tinv-wraper woocommerce tinv-wishlist tinvwl-after-add-to-cart tinvwl-loop-button-wrapper tinvwl-woocommerce_blocks_product_grid_item_html\" data-tinvwl_product_id=\"2417\">\r\n\t<div class=\"tinv-wishlist-clear\"><\/div>\n<a role=\"button\" tabindex=\"0\" name=\"add-to-wishlist\" aria-label=\"Add to Wishlist\" class=\"tinvwl_add_to_wishlist_button tinvwl-icon-heart  tinvwl-position-after tinvwl-loop\" data-tinv-wl-list=\"[]\" data-tinv-wl-product=\"2417\" data-tinv-wl-productvariation=\"0\" data-tinv-wl-productvariations=\"[]\" data-tinv-wl-producttype=\"simple\" data-tinv-wl-action=\"add\"><span class=\"tinvwl_add_to_wishlist-text\">Add to Wishlist<\/span><\/a><div class=\"tinv-wishlist-clear\"><\/div>\t\t<div class=\"tinvwl-tooltip\">Add to Wishlist<\/div>\r\n<\/div>\n\t\t\t<\/li><li class=\"wc-block-grid__product\">\n\t\t\t\t<a href=\"https:\/\/esfurgida.shop\/?product=kakaolu-krema-400-gr\" class=\"wc-block-grid__product-link\">\n\t\t\t\t\t\n\t\t\t\t\t<div class=\"wc-block-grid__product-image\"><img decoding=\"async\" width=\"90\" height=\"90\" src=\"https:\/\/esfurgida.shop\/wp-content\/uploads\/2025\/11\/110000644886252-90x90.jpg\" class=\"attachment-woocommerce_thumbnail size-woocommerce_thumbnail\" alt=\"Kakaolu Krema 400 gr\" srcset=\"https:\/\/esfurgida.shop\/wp-content\/uploads\/2025\/11\/110000644886252-90x90.jpg 90w, https:\/\/esfurgida.shop\/wp-content\/uploads\/2025\/11\/110000644886252-300x300.jpg 300w, https:\/\/esfurgida.shop\/wp-content\/uploads\/2025\/11\/110000644886252-150x150.jpg 150w, https:\/\/esfurgida.shop\/wp-content\/uploads\/2025\/11\/110000644886252-54x54.jpg 54w, https:\/\/esfurgida.shop\/wp-content\/uploads\/2025\/11\/110000644886252-96x96.jpg 96w, https:\/\/esfurgida.shop\/wp-content\/uploads\/2025\/11\/110000644886252.jpg 375w\" sizes=\"(max-width: 90px) 100vw, 90px\"><\/div>\n\t\t\t\t\t<div class=\"wc-block-grid__product-title\">Kakaolu Krema 400 gr<\/div>\n\t\t\t\t<\/a>\n\t\t\t\t<div class=\"wc-block-grid__product-price price\"><span class=\"woocommerce-Price-amount amount\">275,00\u00a0<span class=\"woocommerce-Price-currencySymbol\">\u20ba<\/span><\/span><\/div>\n\t\t\t\t\n\t\t\t\t<div class=\"wp-block-button wc-block-grid__product-add-to-cart\"><a href=\"?add-to-cart=2416\" aria-label=\"Sepete ekle: \u201cKakaolu Krema 400 gr\u201d\" data-quantity=\"1\" data-product_id=\"2416\" data-product_sku=\"\" data-price=\"275\" rel=\"nofollow\" class=\"wp-block-button__link  add_to_cart_button ajax_add_to_cart\">Sepete Ekle<\/a><\/div>\n<div class=\"tinv-wraper woocommerce tinv-wishlist tinvwl-after-add-to-cart tinvwl-loop-button-wrapper tinvwl-woocommerce_blocks_product_grid_item_html\" data-tinvwl_product_id=\"2416\">\r\n\t<div class=\"tinv-wishlist-clear\"><\/div>\n<a role=\"button\" tabindex=\"0\" name=\"add-to-wishlist\" aria-label=\"Add to Wishlist\" class=\"tinvwl_add_to_wishlist_button tinvwl-icon-heart  tinvwl-position-after tinvwl-loop\" data-tinv-wl-list=\"[]\" data-tinv-wl-product=\"2416\" data-tinv-wl-productvariation=\"0\" data-tinv-wl-productvariations=\"[]\" data-tinv-wl-producttype=\"simple\" data-tinv-wl-action=\"add\"><span class=\"tinvwl_add_to_wishlist-text\">Add to Wishlist<\/span><\/a><div class=\"tinv-wishlist-clear\"><\/div>\t\t<div class=\"tinvwl-tooltip\">Add to Wishlist<\/div>\r\n<\/div>\n\t\t\t<\/li><li class=\"wc-block-grid__product\">\n\t\t\t\t<a href=\"https:\/\/esfurgida.shop\/?product=butun-fistikli-krokan\" class=\"wc-block-grid__product-link\">\n\t\t\t\t\t<div class=\"wc-block-grid__product-onsale\">\n\t\t\t<span aria-hidden=\"true\">\u0130ndirim<\/span>\n\t\t\t<span class=\"screen-reader-text\">\u0130ndirimdeki \u00fcr\u00fcn<\/span>\n\t\t<\/div>\n\t\t\t\t\t<div class=\"wc-block-grid__product-image\"><img decoding=\"async\" width=\"90\" height=\"90\" src=\"https:\/\/esfurgida.shop\/wp-content\/uploads\/2025\/11\/WhatsApp-Gorsel-2025-09-29-saat-19.37.59_a9366c19-90x90.jpg\" class=\"attachment-woocommerce_thumbnail size-woocommerce_thumbnail\" alt=\"B\u00fct\u00fcn F\u0131st\u0131kl\u0131 Krokan 200 gr\" srcset=\"https:\/\/esfurgida.shop\/wp-content\/uploads\/2025\/11\/WhatsApp-Gorsel-2025-09-29-saat-19.37.59_a9366c19-90x90.jpg 90w, https:\/\/esfurgida.shop\/wp-content\/uploads\/2025\/11\/WhatsApp-Gorsel-2025-09-29-saat-19.37.59_a9366c19-150x150.jpg 150w, https:\/\/esfurgida.shop\/wp-content\/uploads\/2025\/11\/WhatsApp-Gorsel-2025-09-29-saat-19.37.59_a9366c19-450x450.jpg 450w, https:\/\/esfurgida.shop\/wp-content\/uploads\/2025\/11\/WhatsApp-Gorsel-2025-09-29-saat-19.37.59_a9366c19-600x600.jpg 600w, https:\/\/esfurgida.shop\/wp-content\/uploads\/2025\/11\/WhatsApp-Gorsel-2025-09-29-saat-19.37.59_a9366c19-96x96.jpg 96w\" sizes=\"(max-width: 90px) 100vw, 90px\"><\/div>\n\t\t\t\t\t<div class=\"wc-block-grid__product-title\">B\u00fct\u00fcn F\u0131st\u0131kl\u0131 Krokan 200 gr<\/div>\n\t\t\t\t<\/a>\n\t\t\t\t<div class=\"wc-block-grid__product-price price\">\n<del aria-hidden=\"true\"><span class=\"woocommerce-Price-amount amount\">140,00\u00a0<span class=\"woocommerce-Price-currencySymbol\">\u20ba<\/span><\/span><\/del> <span class=\"screen-reader-text\">Orijinal fiyat: 140,00\u00a0\u20ba.<\/span><ins aria-hidden=\"true\"><span class=\"woocommerce-Price-amount amount\">125,00\u00a0<span class=\"woocommerce-Price-currencySymbol\">\u20ba<\/span><\/span><\/ins><span class=\"screen-reader-text\">\u015eu andaki fiyat: 125,00\u00a0\u20ba.<\/span>\n<\/div>\n\t\t\t\t\n\t\t\t\t<div class=\"wp-block-button wc-block-grid__product-add-to-cart\"><a href=\"?add-to-cart=2406\" aria-label=\"Sepete ekle: \u201cB\u00fct\u00fcn F\u0131st\u0131kl\u0131 Krokan 200 gr\u201d\" data-quantity=\"1\" data-product_id=\"2406\" data-product_sku=\"\" data-price=\"125\" rel=\"nofollow\" class=\"wp-block-button__link  add_to_cart_button ajax_add_to_cart\">Sepete Ekle<\/a><\/div>\n<div class=\"tinv-wraper woocommerce tinv-wishlist tinvwl-after-add-to-cart tinvwl-loop-button-wrapper tinvwl-woocommerce_blocks_product_grid_item_html\" data-tinvwl_product_id=\"2406\">\r\n\t<div class=\"tinv-wishlist-clear\"><\/div>\n<a role=\"button\" tabindex=\"0\" name=\"add-to-wishlist\" aria-label=\"Add to Wishlist\" class=\"tinvwl_add_to_wishlist_button tinvwl-icon-heart  tinvwl-position-after tinvwl-loop\" data-tinv-wl-list=\"[]\" data-tinv-wl-product=\"2406\" data-tinv-wl-productvariation=\"0\" data-tinv-wl-productvariations=\"[]\" data-tinv-wl-producttype=\"simple\" data-tinv-wl-action=\"add\"><span class=\"tinvwl_add_to_wishlist-text\">Add to Wishlist<\/span><\/a><div class=\"tinv-wishlist-clear\"><\/div>\t\t<div class=\"tinvwl-tooltip\">Add to Wishlist<\/div>\r\n<\/div>\n\t\t\t<\/li><li class=\"wc-block-grid__product\">\n\t\t\t\t<a href=\"https:\/\/esfurgida.shop\/?product=parcacik-fistikli-krokan\" class=\"wc-block-grid__product-link\">\n\t\t\t\t\t<div class=\"wc-block-grid__product-onsale\">\n\t\t\t<span aria-hidden=\"true\">\u0130ndirim<\/span>\n\t\t\t<span class=\"screen-reader-text\">\u0130ndirimdeki \u00fcr\u00fcn<\/span>\n\t\t<\/div>\n\t\t\t\t\t<div class=\"wc-block-grid__product-image\"><img loading=\"lazy\" decoding=\"async\" width=\"90\" height=\"90\" src=\"https:\/\/esfurgida.shop\/wp-content\/uploads\/2025\/11\/WhatsApp-Gorsel-2025-11-26-saat-23.37.05_d34b647b-90x90.jpg\" class=\"attachment-woocommerce_thumbnail size-woocommerce_thumbnail\" alt=\"Par\u00e7ac\u0131k F\u0131st\u0131kl\u0131 Krokan 200 gr\" srcset=\"https:\/\/esfurgida.shop\/wp-content\/uploads\/2025\/11\/WhatsApp-Gorsel-2025-11-26-saat-23.37.05_d34b647b-90x90.jpg 90w, https:\/\/esfurgida.shop\/wp-content\/uploads\/2025\/11\/WhatsApp-Gorsel-2025-11-26-saat-23.37.05_d34b647b-150x150.jpg 150w, https:\/\/esfurgida.shop\/wp-content\/uploads\/2025\/11\/WhatsApp-Gorsel-2025-11-26-saat-23.37.05_d34b647b-450x450.jpg 450w, https:\/\/esfurgida.shop\/wp-content\/uploads\/2025\/11\/WhatsApp-Gorsel-2025-11-26-saat-23.37.05_d34b647b-600x600.jpg 600w, https:\/\/esfurgida.shop\/wp-content\/uploads\/2025\/11\/WhatsApp-Gorsel-2025-11-26-saat-23.37.05_d34b647b-96x96.jpg 96w\" sizes=\"(max-width: 90px) 100vw, 90px\"><\/div>\n\t\t\t\t\t<div class=\"wc-block-grid__product-title\">Par\u00e7ac\u0131k F\u0131st\u0131kl\u0131 Krokan 200 gr<\/div>\n\t\t\t\t<\/a>\n\t\t\t\t<div class=\"wc-block-grid__product-price price\">\n<del aria-hidden=\"true\"><span class=\"woocommerce-Price-amount amount\">125,00\u00a0<span class=\"woocommerce-Price-currencySymbol\">\u20ba<\/span><\/span><\/del> <span class=\"screen-reader-text\">Orijinal fiyat: 125,00\u00a0\u20ba.<\/span><ins aria-hidden=\"true\"><span class=\"woocommerce-Price-amount amount\">100,00\u00a0<span class=\"woocommerce-Price-currencySymbol\">\u20ba<\/span><\/span><\/ins><span class=\"screen-reader-text\">\u015eu andaki fiyat: 100,00\u00a0\u20ba.<\/span>\n<\/div>\n\t\t\t\t\n\t\t\t\t<div class=\"wp-block-button wc-block-grid__product-add-to-cart\"><a href=\"?add-to-cart=2403\" aria-label=\"Sepete ekle: \u201cPar\u00e7ac\u0131k F\u0131st\u0131kl\u0131 Krokan 200 gr\u201d\" data-quantity=\"1\" data-product_id=\"2403\" data-product_sku=\"\" data-price=\"100\" rel=\"nofollow\" class=\"wp-block-button__link  add_to_cart_button ajax_add_to_cart\">Sepete Ekle<\/a><\/div>\n<div class=\"tinv-wraper woocommerce tinv-wishlist tinvwl-after-add-to-cart tinvwl-loop-button-wrapper tinvwl-woocommerce_blocks_product_grid_item_html\" data-tinvwl_product_id=\"2403\">\r\n\t<div class=\"tinv-wishlist-clear\"><\/div>\n<a role=\"button\" tabindex=\"0\" name=\"add-to-wishlist\" aria-label=\"Add to Wishlist\" class=\"tinvwl_add_to_wishlist_button tinvwl-icon-heart  tinvwl-position-after tinvwl-loop\" data-tinv-wl-list=\"[]\" data-tinv-wl-product=\"2403\" data-tinv-wl-productvariation=\"0\" data-tinv-wl-productvariations=\"[]\" data-tinv-wl-producttype=\"simple\" data-tinv-wl-action=\"add\"><span class=\"tinvwl_add_to_wishlist-text\">Add to Wishlist<\/span><\/a><div class=\"tinv-wishlist-clear\"><\/div>\t\t<div class=\"tinvwl-tooltip\">Add to Wishlist<\/div>\r\n<\/div>\n\t\t\t<\/li><\/ul><\/div><\/div><\/div>","protected":false},"excerpt":{"rendered":"","protected":false},"author":1,"featured_media":0,"parent":0,"menu_order":0,"comment_status":"closed","ping_status":"closed","template":"","meta":{"om_disable_all_campaigns":false,"_monsterinsights_skip_tracking":false,"_monsterinsights_sitenote_active":false,"_monsterinsights_sitenote_note":"","_monsterinsights_sitenote_category":0,"footnotes":""},"class_list":["post-7","page","type-page","status-publish","hentry"],"aioseo_notices":[],"_links":{"self":[{"href":"https:\/\/esfurgida.shop\/index.php?rest_route=\/wp\/v2\/pages\/7","targetHints":{"allow":["GET"]}}],"collection":[{"href":"https:\/\/esfurgida.shop\/index.php?rest_route=\/wp\/v2\/pages"}],"about":[{"href":"https:\/\/esfurgida.shop\/index.php?rest_route=\/wp\/v2\/types\/page"}],"author":[{"embeddable":true,"href":"https:\/\/esfurgida.shop\/index.php?rest_route=\/wp\/v2\/users\/1"}],"replies":[{"embeddable":true,"href":"https:\/\/esfurgida.shop\/index.php?rest_route=%2Fwp%2Fv2%2Fcomments&post=7"}],"version-history":[{"count":1,"href":"https:\/\/esfurgida.shop\/index.php?rest_route=\/wp\/v2\/pages\/7\/revisions"}],"predecessor-version":[{"id":2216,"href":"https:\/\/esfurgida.shop\/index.php?rest_route=\/wp\/v2\/pages\/7\/revisions\/2216"}],"wp:attachment":[{"href":"https:\/\/esfurgida.shop\/index.php?rest_route=%2Fwp%2Fv2%2Fmedia&parent=7"}],"curies":[{"name":"wp","href":"https:\/\/api.w.org\/{rel}","templated":true}]}}