{"id":2084,"date":"2024-12-28T12:15:33","date_gmt":"2024-12-28T09:15:33","guid":{"rendered":"https:\/\/esfurgida.shop\/?post_type=product&#038;p=2084"},"modified":"2025-11-26T23:44:46","modified_gmt":"2025-11-26T20:44:46","slug":"kavrulmus-ic-findik-1000-gr","status":"publish","type":"product","link":"https:\/\/esfurgida.shop\/?product=kavrulmus-ic-findik-1000-gr","title":{"rendered":"Kavrulmu\u015f \u0130\u00e7 F\u0131nd\u0131k 1000 gr"},"content":{"rendered":"","protected":false},"excerpt":{"rendered":"<p>Sezonunda dal\u0131ndan kopar\u0131lm\u0131\u015f , taze ve yeni kavrulmu\u015f , \u015fifa deposu , do\u011fal lezzet<\/p>\n","protected":false},"featured_media":2093,"comment_status":"open","ping_status":"closed","template":"","meta":{"om_disable_all_campaigns":false,"_monsterinsights_skip_tracking":false,"_monsterinsights_sitenote_active":false,"_monsterinsights_sitenote_note":"","_monsterinsights_sitenote_category":0},"product_cat":[125],"product_tag":[126,127,128],"class_list":{"0":"post-2084","1":"product","2":"type-product","3":"status-publish","4":"has-post-thumbnail","6":"product_cat-kavrulmus-findik","7":"product_tag-findik","8":"product_tag-nut","9":"product_tag-nuts","11":"first","12":"instock","13":"sale","14":"taxable","15":"shipping-taxable","16":"purchasable","17":"product-type-simple"},"aioseo_notices":[],"_links":{"self":[{"href":"https:\/\/esfurgida.shop\/index.php?rest_route=\/wp\/v2\/product\/2084","targetHints":{"allow":["GET"]}}],"collection":[{"href":"https:\/\/esfurgida.shop\/index.php?rest_route=\/wp\/v2\/product"}],"about":[{"href":"https:\/\/esfurgida.shop\/index.php?rest_route=\/wp\/v2\/types\/product"}],"replies":[{"embeddable":true,"href":"https:\/\/esfurgida.shop\/index.php?rest_route=%2Fwp%2Fv2%2Fcomments&post=2084"}],"wp:featuredmedia":[{"embeddable":true,"href":"https:\/\/esfurgida.shop\/index.php?rest_route=\/wp\/v2\/media\/2093"}],"wp:attachment":[{"href":"https:\/\/esfurgida.shop\/index.php?rest_route=%2Fwp%2Fv2%2Fmedia&parent=2084"}],"wp:term":[{"taxonomy":"product_cat","embeddable":true,"href":"https:\/\/esfurgida.shop\/index.php?rest_route=%2Fwp%2Fv2%2Fproduct_cat&post=2084"},{"taxonomy":"product_tag","embeddable":true,"href":"https:\/\/esfurgida.shop\/index.php?rest_route=%2Fwp%2Fv2%2Fproduct_tag&post=2084"}],"curies":[{"name":"wp","href":"https:\/\/api.w.org\/{rel}","templated":true}]}}