{"id":2406,"date":"2025-11-26T23:39:55","date_gmt":"2025-11-26T20:39:55","guid":{"rendered":"https:\/\/esfurgida.shop\/?post_type=product&#038;p=2406"},"modified":"2025-11-26T23:45:47","modified_gmt":"2025-11-26T20:45:47","slug":"butun-fistikli-krokan","status":"publish","type":"product","link":"https:\/\/esfurgida.shop\/?product=butun-fistikli-krokan","title":{"rendered":"B\u00fct\u00fcn F\u0131st\u0131kl\u0131 Krokan 200 gr"},"content":{"rendered":"<p>Yer F\u0131st\u0131\u011f\u0131 ve \u015eekerin Muhte\u015fem bulu\u015fmas\u0131. \u00c7ay ve Kahvelerin vazge\u00e7ilmez tatl\u0131 krokanlar\u0131 f\u0131nd\u0131kl\u0131 ve f\u0131st\u0131kl\u0131 \u00e7e\u015fitlerimiz&#8230;<\/p>\n","protected":false},"excerpt":{"rendered":"<p>Yer F\u0131st\u0131\u011f\u0131 ve \u015eekerin Muhte\u015fem bulu\u015fmas\u0131. \u00c7ay ve Kahvelerin vazge\u00e7ilmez tatl\u0131 krokanlar\u0131 f\u0131nd\u0131kl\u0131 ve f\u0131st\u0131kl\u0131 \u00e7e\u015fitlerimiz&#8230;<\/p>\n","protected":false},"featured_media":2404,"comment_status":"open","ping_status":"closed","template":"","meta":{"om_disable_all_campaigns":false,"_monsterinsights_skip_tracking":false,"_monsterinsights_sitenote_active":false,"_monsterinsights_sitenote_note":"","_monsterinsights_sitenote_category":0},"product_cat":[132],"product_tag":[],"class_list":{"0":"post-2406","1":"product","2":"type-product","3":"status-publish","4":"has-post-thumbnail","6":"product_cat-findik-krokan","8":"first","9":"instock","10":"sale","11":"taxable","12":"shipping-taxable","13":"purchasable","14":"product-type-simple"},"aioseo_notices":[],"_links":{"self":[{"href":"https:\/\/esfurgida.shop\/index.php?rest_route=\/wp\/v2\/product\/2406","targetHints":{"allow":["GET"]}}],"collection":[{"href":"https:\/\/esfurgida.shop\/index.php?rest_route=\/wp\/v2\/product"}],"about":[{"href":"https:\/\/esfurgida.shop\/index.php?rest_route=\/wp\/v2\/types\/product"}],"replies":[{"embeddable":true,"href":"https:\/\/esfurgida.shop\/index.php?rest_route=%2Fwp%2Fv2%2Fcomments&post=2406"}],"wp:featuredmedia":[{"embeddable":true,"href":"https:\/\/esfurgida.shop\/index.php?rest_route=\/wp\/v2\/media\/2404"}],"wp:attachment":[{"href":"https:\/\/esfurgida.shop\/index.php?rest_route=%2Fwp%2Fv2%2Fmedia&parent=2406"}],"wp:term":[{"taxonomy":"product_cat","embeddable":true,"href":"https:\/\/esfurgida.shop\/index.php?rest_route=%2Fwp%2Fv2%2Fproduct_cat&post=2406"},{"taxonomy":"product_tag","embeddable":true,"href":"https:\/\/esfurgida.shop\/index.php?rest_route=%2Fwp%2Fv2%2Fproduct_tag&post=2406"}],"curies":[{"name":"wp","href":"https:\/\/api.w.org\/{rel}","templated":true}]}}