{"id":2417,"date":"2025-11-27T00:08:54","date_gmt":"2025-11-26T21:08:54","guid":{"rendered":"https:\/\/esfurgida.shop\/?post_type=product&#038;p=2417"},"modified":"2025-11-27T00:11:07","modified_gmt":"2025-11-26T21:11:07","slug":"sutlu-krema-400-gr-kopya","status":"publish","type":"product","link":"https:\/\/esfurgida.shop\/?product=sutlu-krema-400-gr-kopya","title":{"rendered":"S\u00fctl\u00fc Krema 400 gr"},"content":{"rendered":"<p>%45 f\u0131nd\u0131k par\u00e7ac\u0131kl\u0131 s\u00fcr\u00fclebilir krema<\/p>\n","protected":false},"excerpt":{"rendered":"<p>%45 f\u0131nd\u0131k par\u00e7ac\u0131kl\u0131 s\u00fcr\u00fclebilir krema<\/p>\n","protected":false},"featured_media":2418,"comment_status":"open","ping_status":"closed","template":"","meta":{"om_disable_all_campaigns":false,"_monsterinsights_skip_tracking":false,"_monsterinsights_sitenote_active":false,"_monsterinsights_sitenote_note":"","_monsterinsights_sitenote_category":0},"product_cat":[131,140],"product_tag":[],"class_list":{"0":"post-2417","1":"product","2":"type-product","3":"status-publish","4":"has-post-thumbnail","6":"product_cat-findik-ezmesi","7":"product_cat-surulebilir-krema","9":"first","10":"instock","11":"taxable","12":"shipping-taxable","13":"purchasable","14":"product-type-simple"},"aioseo_notices":[],"_links":{"self":[{"href":"https:\/\/esfurgida.shop\/index.php?rest_route=\/wp\/v2\/product\/2417","targetHints":{"allow":["GET"]}}],"collection":[{"href":"https:\/\/esfurgida.shop\/index.php?rest_route=\/wp\/v2\/product"}],"about":[{"href":"https:\/\/esfurgida.shop\/index.php?rest_route=\/wp\/v2\/types\/product"}],"replies":[{"embeddable":true,"href":"https:\/\/esfurgida.shop\/index.php?rest_route=%2Fwp%2Fv2%2Fcomments&post=2417"}],"wp:featuredmedia":[{"embeddable":true,"href":"https:\/\/esfurgida.shop\/index.php?rest_route=\/wp\/v2\/media\/2418"}],"wp:attachment":[{"href":"https:\/\/esfurgida.shop\/index.php?rest_route=%2Fwp%2Fv2%2Fmedia&parent=2417"}],"wp:term":[{"taxonomy":"product_cat","embeddable":true,"href":"https:\/\/esfurgida.shop\/index.php?rest_route=%2Fwp%2Fv2%2Fproduct_cat&post=2417"},{"taxonomy":"product_tag","embeddable":true,"href":"https:\/\/esfurgida.shop\/index.php?rest_route=%2Fwp%2Fv2%2Fproduct_tag&post=2417"}],"curies":[{"name":"wp","href":"https:\/\/api.w.org\/{rel}","templated":true}]}}